{"id":12,"date":"2017-07-21T05:45:10","date_gmt":"2017-07-21T05:45:10","guid":{"rendered":"http:\/\/alpaka-exklusiv.at.methusalix.koerbler.com\/alpaka\/?page_id=12"},"modified":"2025-02-21T09:41:52","modified_gmt":"2025-02-21T09:41:52","slug":"ueber-uns","status":"publish","type":"page","link":"https:\/\/alpaka-exklusiv.at\/alpaka\/ueber-uns\/","title":{"rendered":"\u00dcber Uns"},"content":{"rendered":"<p>Diese Faszination f\u00fcr das Alpaka war unser Ansporn, dessen einzigartige Faser bekannt zu machen und den<br \/>\nMenschen nahe zu bringen. Alpakas sind \u00e4u\u00dferst feinf\u00fchlige, liebenswerte und auch intelligente Tiere.<br \/>\nVon ihrem sorgsamen Umgang mit der Natur k\u00f6nnen wir Vieles lernen. Als Schwielensohler hinterlassen ihre<br \/>\nweichen F\u00fc\u00dfe einen minimalen \u00f6kologischen Fu\u00dfabdruck, indem sie das Terrain schonen und Trittsch\u00e4den<br \/>\nverhindern. Ihre Z\u00e4hne rupfen das Gras nicht aus, sondern schneiden es ab. Das schont die Grasnarbe und<br \/>\nschmeckt der Natur.<\/p>\n","protected":false},"excerpt":{"rendered":"<p>Diese Faszination f\u00fcr das Alpaka war unser Ansporn, dessen einzigartige Faser bekannt zu machen und den Menschen nahe zu bringen. Alpakas sind \u00e4u\u00dferst feinf\u00fchlige, liebenswerte und auch intelligente Tiere. Von ihrem sorgsamen Umgang mit der Natur k\u00f6nnen wir Vieles lernen. Als Schwielensohler hinterlassen ihre weichen F\u00fc\u00dfe einen minimalen \u00f6kologischen Fu\u00dfabdruck, indem sie das Terrain schonen &hellip; <a href=\"https:\/\/alpaka-exklusiv.at\/alpaka\/ueber-uns\/\" class=\"more-link\"><span class=\"screen-reader-text\">\u00dcber Uns<\/span> weiterlesen <span class=\"meta-nav\">&rarr;<\/span><\/a><\/p>\n","protected":false},"author":1,"featured_media":5993,"parent":0,"menu_order":0,"comment_status":"closed","ping_status":"closed","template":"page-templates\/uber-uns.php","meta":{"_acf_changed":false,"_monsterinsights_skip_tracking":false,"_monsterinsights_sitenote_active":false,"_monsterinsights_sitenote_note":"","_monsterinsights_sitenote_category":0,"footnotes":""},"class_list":["post-12","page","type-page","status-publish","has-post-thumbnail","hentry"],"acf":[],"_links":{"self":[{"href":"https:\/\/alpaka-exklusiv.at\/alpaka\/wp-json\/wp\/v2\/pages\/12","targetHints":{"allow":["GET"]}}],"collection":[{"href":"https:\/\/alpaka-exklusiv.at\/alpaka\/wp-json\/wp\/v2\/pages"}],"about":[{"href":"https:\/\/alpaka-exklusiv.at\/alpaka\/wp-json\/wp\/v2\/types\/page"}],"author":[{"embeddable":true,"href":"https:\/\/alpaka-exklusiv.at\/alpaka\/wp-json\/wp\/v2\/users\/1"}],"replies":[{"embeddable":true,"href":"https:\/\/alpaka-exklusiv.at\/alpaka\/wp-json\/wp\/v2\/comments?post=12"}],"version-history":[{"count":50,"href":"https:\/\/alpaka-exklusiv.at\/alpaka\/wp-json\/wp\/v2\/pages\/12\/revisions"}],"predecessor-version":[{"id":11407,"href":"https:\/\/alpaka-exklusiv.at\/alpaka\/wp-json\/wp\/v2\/pages\/12\/revisions\/11407"}],"wp:featuredmedia":[{"embeddable":true,"href":"https:\/\/alpaka-exklusiv.at\/alpaka\/wp-json\/wp\/v2\/media\/5993"}],"wp:attachment":[{"href":"https:\/\/alpaka-exklusiv.at\/alpaka\/wp-json\/wp\/v2\/media?parent=12"}],"curies":[{"name":"wp","href":"https:\/\/api.w.org\/{rel}","templated":true}]}}