{"id":2590,"date":"2018-05-09T12:50:28","date_gmt":"2018-05-09T12:50:28","guid":{"rendered":"https:\/\/www.alpaka-exklusiv.at\/alpaka\/?page_id=2590"},"modified":"2018-05-23T13:14:29","modified_gmt":"2018-05-23T13:14:29","slug":"datenschutz","status":"publish","type":"page","link":"https:\/\/alpaka-exklusiv.at\/alpaka\/datenschutz\/","title":{"rendered":"Datenschutz"},"content":{"rendered":"<h3>Datenschutzerkl\u00e4rung<\/h3>\n<p style=\"text-align: left;\">Der Schutz Ihrer pers\u00f6nlichen Daten ist uns ein besonderes Anliegen. Wir verarbeiten Ihre Daten daher ausschlie\u00dflich auf Grundlage der gesetzlichen Bestimmungen (DSGVO, TKG 2003). In dieser Datenschutzerkl\u00e4rung informieren wir Sie \u00fcber die wichtigsten Aspekte der Datenverarbeitung im Rahmen unserer Webseite.<\/p>\n<p><strong>1. Name und Anschrift des f\u00fcr die Verarbeitung VerantwortlichenVerantwortlicher im Sinne der Datenschutzgrundverordnung ist:<\/strong><\/p>\n<p style=\"text-align: left;\">Alpaka Exklusiv GmbH<br \/>\nB\u00fcro Langenwang<br \/>\nWaldrandsiedlung 10<br \/>\nA-8665 Langenwang<br \/>\n+43 664 2620 620<br \/>\n<a href=\"mailto:shop@alpaka-exklusiv.at\">shop@alpaka-exklusiv.at<\/a><\/p>\n<p><strong>2. Erhebung von personenbezogenen Daten<\/strong><br \/>\nWir speichern bei einem einfachen Webseitebesuch lediglich Zugriffsdaten im Rahmen so genannter Server-Log-Files. Dies sind Daten, welche Ihr Browser zur Verf\u00fcgung stellt und die ohne Personenbezug sind und zwar:<br \/>\n-Browsertyp\/ -version<br \/>\n-Verwendetes Betriebssystem<br \/>\n-Referrer-URL (die zuvor besuchte Seite)<br \/>\n-Hostname des zugreifenden Rechners (IP-Adresse)<br \/>\n-Uhrzeit und Datum der Serveranfrage<\/p>\n<p>Diese Daten sind f\u00fcr uns nicht bestimmten Personen zuordenbar. Eine Zusammenf\u00fchrung dieser Daten mit anderen Datenquellen wird nicht vorgenommen, die Daten werden zudem nach einer statistischen Auswertung gel\u00f6scht. Hierzu werden die Zugriffe der Nutzer auf unsere Webseiten in den Server-Log-Files gespeichert, inklusive der IP-Adresse.\u00a0 Ein R\u00fcckschluss auf eine bestimmte Person ist bei der Verwendung der Daten durch uns nicht m\u00f6glich.<br \/>\nEine Verarbeitung Ihrer Daten durch uns erfolgt auf Servern mit Standort in \u00d6sterreich und damit im Rahmen des Datenschutzniveaus der EU.<\/p>\n<p style=\"text-align: left;\"><strong>3. SSL Verschl\u00fcsselung<\/strong><br \/>\nAlpaka Exklusiv GmbH verwendet beim Datentransfer das so genannte SSL-Sicherheitssystem (Secure Socket Layer) in Verbindung mit einer 256-Bit-Verschl\u00fcsselung. Diese Technik bietet h\u00f6chste Sicherheit und wird daher beispielsweise auch von Banken zum Datenschutz beim Online-Banking eingesetzt. Sie erkennen, dass Daten verschl\u00fcsselt \u00fcbertragen werden, an der geschlossenen Darstellung eines Schl\u00fcssel- bzw. Schloss-Symbols in der unteren Statusleiste Ihres Browsers.<\/p>\n<p><strong>4. Datenerhebung im Zuge des Kontaktformulars<\/strong><br \/>\nDie personenbezogenen Daten, die Sie uns im Rahmen unserer Kontaktanfrage zur Verf\u00fcgung stellen, werden nur f\u00fcr die Beantwortung Ihrer Anfrage bzw. Kontaktaufnahme und f\u00fcr die damit verbundene technische Administration verwendet. Die Weitergabe an Dritte findet nicht statt.<\/p>\n<p><strong>5. Datenerhebung im Zuge des Online Shops<\/strong><br \/>\nZum Zweck der Vertragsabwicklung werden folgende Daten bei uns gespeichert:<br \/>\nVorname, Nachname, E-Mail,Adresse, Stra\u00dfe, PLZ, Ort, Land<\/p>\n<p>Die von Ihnen bereit gestellten Daten sind zur Vertragserf\u00fcllung bzw zur Durchf\u00fchrung vorvertraglicher Ma\u00dfnahmen erforderlich. Ohne diese Daten k\u00f6nnen wir den Vertrag mit Ihnen nicht abschlie\u00dfen. Eine Daten\u00fcbermittlung an Dritte erfolgt nicht, mit Ausnahme der \u00dcbermittlung der Kreditkartendaten an die abwickelnden Bankinstitute \/ Zahlungsdienstleister zum Zwecke der Abbuchung des Einkaufspreises, an das von uns beauftragte Transportunternehmen\/Versandunternehmen zur Zustellung der Ware sowie an unseren Steuerberater zur Erf\u00fcllung unserer steuerrechtlichen Verpflichtungen. Nach Abbruch des Einkaufsvorganges werden die bei uns gespeicherten Daten gel\u00f6scht. Im Falle eines Vertragsabschlusses werden s\u00e4mtliche Daten aus dem Vertragsverh\u00e4ltnis bis zum Ablauf der steuerrechtlichen Aufbewahrungsfrist (7 Jahre) gespeichert.<br \/>\nDie Datenverarbeitung erfolgt auf Basis der gesetzlichen Bestimmungen des \u00a7 96 Abs 3 TKG sowie des Art 6 Abs 1 lit a (Einwilligung) und\/oder lit b (notwendig zur Vertragserf\u00fcllung) der DSGVO.<\/p>\n<p><strong>6. Newsletter<\/strong><\/p>\n<p>Indem Sie unseren Newsletter abonnieren, erkl\u00e4ren Sie sich mit dem Empfang und den beschriebenen Verfahren einverstanden.<\/p>\n<p><strong>Inhalt des Newsletters:<\/strong><br \/>\nWir versenden Newsletter nur mit der Einwilligung der Empf\u00e4nger oder einer gesetzlichen Erlaubnis. Sofern im Rahmen einer Anmeldung zum Newsletter dessen Inhalte konkret umschrieben werden, sind sie f\u00fcr die Einwilligung der Nutzer ma\u00dfgeblich. Im \u00dcbrigen enthalten unsere Newsletter folgende Informationen: Unsere Produkte, Angebote und Aktionen.<\/p>\n<p><strong>Double-Opt-In und Protokollierung:<\/strong><br \/>\nDie Anmeldung zu unserem Newsletter erfolgt in einem sog. Double-Opt-In-Verfahren. D.h. Sie erhalten nach der Anmeldung eine E-Mail, in der Sie um die Best\u00e4tigung Ihrer Anmeldung gebeten werden. Diese Best\u00e4tigung ist notwendig, damit sich niemand mit fremden E-Mailadressen anmelden kann. Die Anmeldungen zum Newsletter werden protokolliert, um den Anmeldeprozess entsprechend den rechtlichen Anforderungen nachweisen zu k\u00f6nnen. Hierzu geh\u00f6rt die Speicherung des Anmelde- und des Best\u00e4tigungszeitpunkts, als auch der IP-Adresse. Ebenso werden die \u00c4nderungen Ihrer bei dem Versanddienstleister gespeicherten Daten protokolliert.<\/p>\n<p><strong>Versanddienstleister:<\/strong><br \/>\nWir verwenden zum Versand unseres Newsletters den Anbieter MailPoet (nachfolgend bezeichnet als \u201eVersanddienstleister\u201c). Die Datenschutzbestimmungen des Versanddienstleisters k\u00f6nnen Sie hier einsehen: <a href=\"https:\/\/www.mailpoet.com\/privacy-policy\/\">MailPoet Privacy Policy.<\/a><\/p>\n<p><strong>Anmeldedaten:<\/strong><br \/>\nUm sich f\u00fcr den Newsletter anzumelden, reicht es aus, wenn Sie Ihre E-Mailadresse angeben. Optional bitten wir Sie folgende Daten anzugeben: Vorname zwecks Personalisierung des Newsletters. Diese Daten werden nur f\u00fcr den Versand der Newsletter verwendet und werden nicht an Dritte weiter gegeben. Mit der Anmeldung zum Newsletter speichern wir Ihre IP-Adresse und das Datum der Anmeldung. Diese Speicherung dient alleine dem Nachweis im Fall, dass ein Dritter eine Emailadresse missbraucht und sich ohne Wissen des Berechtigten f\u00fcr den Newsletterempfang anmeldet<\/p>\n<p><strong>Statistische Erhebung und Analysen<\/strong><br \/>\nZu den statistischen Erhebungen geh\u00f6rt die Feststellung, ob die Newsletter ge\u00f6ffnet werden, wann sie ge\u00f6ffnet werden und welche Links geklickt werden. Diese Informationen k\u00f6nnen aus technischen Gr\u00fcnden zwar den einzelnen Newsletterempf\u00e4ngern zugeordnet werden. Es ist jedoch nicht unser Bestreben, einzelne Nutzer zu beobachten. Die Auswertungen dienen uns viel mehr dazu, die Lesegewohnheiten unserer Nutzer zu erkennen und unsere Inhalte auf sie anzupassen oder unterschiedliche Inhalte entsprechend den Interessen unserer Nutzer zu versenden.<\/p>\n<p><strong>K\u00fcndigung\/Widerruf<br \/>\n<\/strong>Sie k\u00f6nnen den Empfang unseres Newsletters jederzeit k\u00fcndigen, d.h. Ihre Einwilligungen widerrufen. Damit erl\u00f6schen gleichzeitig Ihre Einwilligungen in dessen Versand durch den Versanddienstleister und die statistischen Analysen. Ein getrennter Widerruf des Versandes durch den Versanddienstleister oder die statistische Auswertung ist leider nicht m\u00f6glich. Einen Link zur K\u00fcndigung des Newsletters finden Sie am Ende eines jeden Newsletters.<\/p>\n<p><strong>6. Rechte der betroffenen Personen<\/strong><br \/>\n<strong>a) Widerruf<\/strong><br \/>\nSie sind berechtigt, Ihr Einverst\u00e4ndnis bez\u00fcglich der Speicherung Ihrer personenbezogenen Daten jederzeit zu widerrufen. Sie sind ebenfalls jederzeit berechtigt, Ihre Zustimmung zur Erhebung und Speicherung von weiteren freiwilligen Daten durch uns zu widerrufen. Wir weisen darauf hin, dass wir zum Schutz Ihrer Privatsph\u00e4re und Ihrer Sicherheit, Ihre Identit\u00e4t pr\u00fcfen, bevor Sie solche Ma\u00dfnahmen vornehmen k\u00f6nnen. Sollten Sie der Nutzung Ihrer Daten f\u00fcr die Zukunft widersprechen und\/oder eine erteilte Einwilligung widerrufen wollen, wenden Sie sich bitte m\u00f6glichst unter Beif\u00fcgung einer Personalausweiskopie an nachstehende Adresse:\u00a0<a href=\"mailto:shop@alpaka-exklusiv.at\">shop@alpaka-exklusiv.at<\/a><\/p>\n<p>Im Falle des Widerrufs der Speicherung, Verarbeitung und Nutzung Ihrer personenbezogenen Daten werden wir Ihre s\u00e4mtlichen gespeicherten Daten unverz\u00fcglich l\u00f6schen bzw. sperren.<\/p>\n<p><strong>b) Sperrung, L\u00f6schung und Berichtigung<\/strong><br \/>\nIhrer personenbezogenen DatenSie haben das Recht, bei uns gespeicherte personenbezogene Daten, einschr\u00e4nken, widersprechen, sperren bzw. l\u00f6schen und\/oder berichtigen zu lassen. Zudem haben sie das Recht auf Daten\u00fcbertragung.<\/p>\n<p><strong>c) Auskunftsrecht<\/strong><br \/>\nSie k\u00f6nnen von uns eine Best\u00e4tigung dar\u00fcber verlangen, ob und in welchem Ausma\u00df wir Ihre Daten verarbeiten.<\/p>\n<p style=\"text-align: left;\"><strong>d) Beschwerderecht<\/strong><br \/>\nSind Sie der Meinung, dass wir bei der Verarbeitung Ihrer Daten gegen \u00f6sterreichisches oder europ\u00e4isches Datenschutzrecht versto\u00dfen, so ersuchen wir Sie, mit uns Kontakt aufzunehmen, um allf\u00e4llige Fragen aufkl\u00e4ren zu k\u00f6nnen. Sie haben selbstverst\u00e4ndlich auch das Recht, sich bei der \u00f6sterreichischen Datenschutzbeh\u00f6rde, ab 25.5.2018 auch bei einer Aufsichtsbeh\u00f6rde innerhalb der EU, zu beschwerden.<\/p>\n<p><strong>7. Dauer der Datenspeicherung<\/strong><br \/>\nPersonenbezogenen Daten werden f\u00fcr die Dauer der gesetzlichen Aufbewahrungsfrist gespeichert. Nach Ablauf der Frist werden die entsprechenden Daten routinem\u00e4\u00dfig gel\u00f6scht, sofern sie nicht mehr zur Vertragserf\u00fcllung oder Vertragsanbahnung erforderlich sind.<\/p>\n<p><strong>8. Aktualisierung der Bestimmungen<\/strong><br \/>\nAlpaka Exklusiv GmbH beh\u00e4lt sich das Recht vor, diese Bestimmungen jederzeit entsprechend den Gesch\u00e4ftserfordernissen zu \u00e4ndern.<\/p>\n<p><strong>9. Sie erreichen uns unter folgenden Kontaktdaten:<\/strong><br \/>\nAlpaka Exklusiv GmbH<br \/>\nB\u00fcro Langenwang<br \/>\nWaldrandsiedlung 10<br \/>\nA-8665 Langenwang<br \/>\n+43 664 2620 620<br \/>\n<a href=\"mailto:shop@alpaka-exklusiv.at\">shop@alpaka-exklusiv.at<\/a><\/p>\n<p>&nbsp;<\/p>\n","protected":false},"excerpt":{"rendered":"<p>Datenschutzerkl\u00e4rung Der Schutz Ihrer pers\u00f6nlichen Daten ist uns ein besonderes Anliegen. Wir verarbeiten Ihre Daten daher ausschlie\u00dflich auf Grundlage der gesetzlichen Bestimmungen (DSGVO, TKG 2003). In dieser Datenschutzerkl\u00e4rung informieren wir Sie \u00fcber die wichtigsten Aspekte der Datenverarbeitung im Rahmen unserer Webseite. 1. Name und Anschrift des f\u00fcr die Verarbeitung VerantwortlichenVerantwortlicher im Sinne der Datenschutzgrundverordnung ist: &hellip; <a href=\"https:\/\/alpaka-exklusiv.at\/alpaka\/datenschutz\/\" class=\"more-link\"><span class=\"screen-reader-text\">Datenschutz<\/span> weiterlesen <span class=\"meta-nav\">&rarr;<\/span><\/a><\/p>\n","protected":false},"author":115,"featured_media":0,"parent":0,"menu_order":0,"comment_status":"closed","ping_status":"closed","template":"page-templates\/impressum.php","meta":{"_acf_changed":false,"_monsterinsights_skip_tracking":false,"_monsterinsights_sitenote_active":false,"_monsterinsights_sitenote_note":"","_monsterinsights_sitenote_category":0,"footnotes":""},"class_list":["post-2590","page","type-page","status-publish","hentry"],"acf":[],"_links":{"self":[{"href":"https:\/\/alpaka-exklusiv.at\/alpaka\/wp-json\/wp\/v2\/pages\/2590","targetHints":{"allow":["GET"]}}],"collection":[{"href":"https:\/\/alpaka-exklusiv.at\/alpaka\/wp-json\/wp\/v2\/pages"}],"about":[{"href":"https:\/\/alpaka-exklusiv.at\/alpaka\/wp-json\/wp\/v2\/types\/page"}],"author":[{"embeddable":true,"href":"https:\/\/alpaka-exklusiv.at\/alpaka\/wp-json\/wp\/v2\/users\/115"}],"replies":[{"embeddable":true,"href":"https:\/\/alpaka-exklusiv.at\/alpaka\/wp-json\/wp\/v2\/comments?post=2590"}],"version-history":[{"count":9,"href":"https:\/\/alpaka-exklusiv.at\/alpaka\/wp-json\/wp\/v2\/pages\/2590\/revisions"}],"predecessor-version":[{"id":2613,"href":"https:\/\/alpaka-exklusiv.at\/alpaka\/wp-json\/wp\/v2\/pages\/2590\/revisions\/2613"}],"wp:attachment":[{"href":"https:\/\/alpaka-exklusiv.at\/alpaka\/wp-json\/wp\/v2\/media?parent=2590"}],"curies":[{"name":"wp","href":"https:\/\/api.w.org\/{rel}","templated":true}]}}