{"id":970,"date":"2017-10-03T08:50:26","date_gmt":"2017-10-03T08:50:26","guid":{"rendered":"https:\/\/www.alpaka-exklusiv.at\/alpaka\/?page_id=970"},"modified":"2018-04-04T06:55:14","modified_gmt":"2018-04-04T06:55:14","slug":"agb","status":"publish","type":"page","link":"https:\/\/alpaka-exklusiv.at\/alpaka\/agb\/","title":{"rendered":"AGB"},"content":{"rendered":"<h1 align=\"LEFT\">Allgemeine Gesch\u00e4ftsbedingungen<\/h1>\n<h2 align=\"LEFT\">Gesch\u00e4ftsbedingungen der Alpaka Exklusiv GmbH (g\u00fcltig ab <span style=\"font-family: Calibri-Bold; font-size: x-large;\">01.10.2017<\/span><span style=\"font-family: Calibri-Bold; font-size: large;\">)<\/span><\/h2>\n<h3 align=\"LEFT\">Vertragsabschluss<\/h3>\n<p align=\"LEFT\">Durch Ihre Bestellung in unsrem Online Shop legen Sie uns, der Alpaka Exklusiv GmbH, FN 440782i, Waldrandsiedlung 10, 8670 Langenwang, ein verbindliches Kaufangebot, an das Sie sieben Tage gebunden sind. Der Vertrag kommt erst durch \u00dcbermittlung einer Versandbest\u00e4tigung oder durch Absendung der bestellten Ware zustande. Die nach Abschluss des Kaufvorganges automatisiert \u00fcbermittelte Empfangsbest\u00e4tigung Ihrer Bestellung stellt noch keine Angebotsannahme durch uns dar. Unsere allgemeinen Gesch\u00e4ftsbedingungen werden mit jeder Bestellung Vertragsbestandteil.<\/p>\n<h3 align=\"LEFT\">Mindestbestellwert<\/h3>\n<p align=\"LEFT\">Der Mindestbestellwert betr\u00e4gt \u20ac 25,-. Darunter k\u00f6nnen wir keine Bestellungen annehmen.<\/p>\n<h3 align=\"LEFT\">Preise<\/h3>\n<p align=\"LEFT\">Alle Preise verstehen sich inklusive der gesetzlichen Umsatzsteuer ohne Versandkosten und gelten zum Zeitpunkt der Bestellung in Euro. Verbindlich ist der vor Abschluss des Bestellvorganges angezeigte Preis.<\/p>\n<h3 align=\"LEFT\">Versandkosten<\/h3>\n<p align=\"LEFT\">Wir versenden nach \u00d6sterreich, Deutschland, Schweiz, Belgien, Italien, Kroatien, Luxemburg, Slowakei, Slowenien, Tschechische Republik, Ungarn und Niederlande. Die Versandkosten betragen \u00f6sterreichweit je nach Gewicht (bis max. 30kg) zwischen \u20ac 5,50,&#8211; und 28,00\u20ac nach Deutschland je nach Gewicht (bis max. 30kg) zwischen \u20ac 14,50,&#8211; und 35,00\u20ac und in die L\u00e4nder: Belgien, Italien, Kroatien, Luxemburg, Slowakei, Slowenien, Tschechische Republik, Ungarn und Niederlande je nach Gewicht (bis max. 30kg) zwischen \u20ac 17,50,&#8211; und 38,00\u20ac,- je Bestellung, selbst wenn wir die Lieferung auf mehrere Pakete aufteilen m\u00fcssen.<\/p>\n<h3 align=\"LEFT\">Umtauschrecht<\/h3>\n<p align=\"LEFT\">Mit Ihrer Rechnung k\u00f6nnen Sie die Waren innerhalb von 30 Tagen nach Erhalt in unserer Firma umtauschen. Der Kaufpreis der retournierten Ware wird in Form einer Gutschrift erstattet. Eine Barauszahlung ist bei Umtausch nicht m\u00f6glich.<\/p>\n<h3 align=\"LEFT\">R\u00fccktrittsrecht (Widerrufsrecht)<\/h3>\n<p align=\"LEFT\">Sie haben das Recht, diesen Vertrag binnen drei\u00dfig Tagen ohne Angabe von Gr\u00fcnden zu widerrufen. Die Widerrufsfrist beginnt an dem Tag, an dem Sie oder ein von Ihnen benannter Dritter, au\u00dfer der Bef\u00f6rderer, die (bei Teillieferungen einer einheitlichen Bestellung: letzte) Ware in Besitz genommen hat. Um Ihr Widerrufsrecht auszu\u00fcben m\u00fcssen Sie uns z.B. per Brief oder EMail, dar\u00fcber informieren. Die Frist ist gewahrt, wenn Sie die Mitteilung vorAblauf der Widerrufsfrist absenden.<\/p>\n<p align=\"LEFT\">Bei Widerruf werden wir Ihre Zahlungen einschlie\u00dflich der Standard-Lieferkosten binnen vierzehn Tagen nach Widerrufserkl\u00e4rung spesenfrei mit dem von Ihnen genutzten Zahlungs-mittel zur\u00fcckzahlen. Wir k\u00f6nnen die R\u00fcckzahlung verweigern, bis wir die Ware zur\u00fcckerhalten oder Sie den Nachweis \u00fcber die R\u00fccksendung der Waren erbracht haben. Die Ware ist binnen 14 Tagen ab Widerrufserkl\u00e4rung an uns zur\u00fcckzusenden. Die Kosten der R\u00fccksendung innerhalb von \u00d6sterreich und Deutschland (ausgenommen Fahrr\u00e4der) \u00fcbernehmen wir, wenn Sie zur R\u00fccksendung den der Ware beiliegenden Retourenkleber benutzen. Unfreie R\u00fccksendungen (nicht frankierte Sendungen, die auch unseren Retourenkleber nicht tragen) werden nicht angenommen. Die zur\u00fcckgesendete Ware muss unbenutzt sein. Es gilt nicht als Ben\u00fctzung, wenn sie die Ware nur wie im Gesch\u00e4ft pr\u00fcfen. Wurde die Ware ben\u00fctzt, behalten wir den Wertverlust vom r\u00fcckzuerstattenden Kaufpreis ein. Widerruf und R\u00fccksendung sind an<\/p>\n<p align=\"LEFT\">Alpaka Exklusiv GmbH<br \/>\nWaldrandsiedlung 10<br \/>\n8670 Langenwang<\/p>\n<p align=\"LEFT\">Tel.:+43 3854 204 26<br \/>\nE-Mail: shop@alpaka-exklusiv.at<\/p>\n<p align=\"LEFT\">zu richten.<\/p>\n<h3 align=\"LEFT\">Gew\u00e4hrleistung\/Haftungsausschluss<\/h3>\n<p align=\"LEFT\">Es gelten die gesetzlichen Bestimmungen \u00fcber die Gew\u00e4hrleistung; die Gew\u00e4hrleistungsfrist betr\u00e4gt 24 Monate ab Warenerhalt. Anspr\u00fcche auf Ersatz von Sch\u00e4den und Aufwendungen sind ausgeschlossen, ausgenommen hiervon sind Personensch\u00e4den, Sch\u00e4den, die vors\u00e4tzlich oder grob fahrl\u00e4ssig von uns verursacht wurden, sowie Produkthaftungsanspr\u00fcche.<\/p>\n<h3 align=\"LEFT\">Bezahlung<\/h3>\n<p align=\"LEFT\">Sie k\u00f6nnen mit Kreditkarte, Paypal, Vorkasse oder Sofort\u00fcberweisung bezahlen. Wir liefern nicht per Nachnahme.<\/p>\n<p align=\"LEFT\">Wir akzeptieren VISA oder MasterCard. Wir pr\u00fcfen die G\u00fcltigkeit der Kreditkarte, die Bedeckung des Einkaufsbetrages und die Richtigkeit der Adressdaten. Der Rechnungsbetrag wird Ihrem Konto oder Ihrer Kreditkarte mit Versand der Ware angelastet. Der Versand erfolgt erst nach Zahlungseingang.<\/p>\n<h3 align=\"LEFT\">Eigentumsvorbehalt<\/h3>\n<p align=\"LEFT\">Die Ware bleibt bis zur vollst\u00e4ndigen Bezahlung unser Eigentum.<\/p>\n<h3 align=\"LEFT\">Zustimmungserkl\u00e4rung zur Datenverwendung<\/h3>\n<p align=\"LEFT\">Sie erlauben uns, der Alpaka Exklusiv GmbH, Waldrandsiedlung 10, 8670 Langenwang, \u00d6sterreich, mit Ihrer Bestellung, die von Ihnen beim Bestellvorgang angegebenen personenbezogenen Daten (wie insbesondere Name, Wohnanschrift, Telefonnummer, E-Mail-Adresse) zum Zwecke des Versandes, Buchhaltung, Mahnwesens, Kundenbetreuung, Beratung sowie f\u00fcr Zwecke der Marktbeobachtung und der Optimierung des Vertriebssystems und der Werbema\u00dfnahmen sowie f\u00fcr unsere Kundenkartei elektronisch zu speichern und zu verarbeiten. Wir geben Ihre Daten nicht zu Werbezwecken an Dritte weiter.<\/p>\n<p align=\"LEFT\">Mit Ihrer Bestellung erkl\u00e4ren Sie sich einverstanden, dass Sie von uns zur \u00dcbersendung von Werbung und Unterbreitung von Serviceangeboten f\u00fcr unsere Waren und Dienstleistungen postalisch, per E-Mail, SMS oder telefonisch kontaktiert zu werden. Diese Zustimmung k\u00f6nnen Sie jederzeit postalisch, unter shop@alpaka-exklusiv.at oder Tel.: + 43 (0) 3854 20 426 widerrufen. An diese Adressen k\u00f6nnen Sie auch Anfragen zum Thema Aktualit\u00e4t, Richtigstellung und L\u00f6schung Ihrer personenbezogenen Daten stellen sowie alle Auskunftsbegehren richten.<\/p>\n<h3 align=\"LEFT\">Anwendbares Recht<\/h3>\n<p align=\"LEFT\">Es gilt ausschlie\u00dflich \u00f6sterreichisches Recht unter Ausschluss des UNKaufrechtes.<\/p>\n<h3 align=\"LEFT\">Schlichtungsstelle<\/h3>\n<p align=\"LEFT\">Wir unterwerfen uns Verbrauchern gegen\u00fcber einem alternativen Streitbeilegungsverfahren beim Internet Ombudsmann, Margaretenstra\u00dfe <span style=\"font-family: Calibri; font-size: large;\">70\/2\/10, 1050 Wien, <\/span><span style=\"color: #0000ff; font-family: Calibri; font-size: large;\">www.ombudsmann.at<\/span><span style=\"font-family: Calibri; font-size: large;\">.<\/span><\/p>\n<p align=\"LEFT\">F\u00fcr die Beilegung von Streitigkeiten mit unserem Unternehmen kann auch die Online-Streitbeilegungsplattform der EU-Kommission genutzt werden: <span style=\"color: #0000ff; font-family: Calibri; font-size: large;\">http:\/\/ec.europa.eu\/odr<\/span><span style=\"font-family: Calibri; font-size: large;\">, unsere E-Mail-Adresse: shop@alpaka-exklusiv.at<\/span><\/p>\n<h3 align=\"LEFT\">Anbieterkennzeichnung<\/h3>\n<p align=\"LEFT\">Alpaka Exklusiv GmbH, Waldrandsiedlung 10, 8665 Langenwang, AUSTRIA<br \/>\nFirmenbuchnummer: 440782i<br \/>\nFirmenbuch Gericht: Handelsgericht Leoben<br \/>\nUmsatzsteuer ID: ATU 70442078<br \/>\nRechtsform: GmbH<br \/>\nFirmensitz: Langenwang<\/p>\n","protected":false},"excerpt":{"rendered":"<p>Allgemeine Gesch\u00e4ftsbedingungen Gesch\u00e4ftsbedingungen der Alpaka Exklusiv GmbH (g\u00fcltig ab 01.10.2017) Vertragsabschluss Durch Ihre Bestellung in unsrem Online Shop legen Sie uns, der Alpaka Exklusiv GmbH, FN 440782i, Waldrandsiedlung 10, 8670 Langenwang, ein verbindliches Kaufangebot, an das Sie sieben Tage gebunden sind. Der Vertrag kommt erst durch \u00dcbermittlung einer Versandbest\u00e4tigung oder durch Absendung der bestellten Ware &hellip; <a href=\"https:\/\/alpaka-exklusiv.at\/alpaka\/agb\/\" class=\"more-link\"><span class=\"screen-reader-text\">AGB<\/span> weiterlesen <span class=\"meta-nav\">&rarr;<\/span><\/a><\/p>\n","protected":false},"author":1,"featured_media":0,"parent":0,"menu_order":0,"comment_status":"closed","ping_status":"closed","template":"page-templates\/agb.php","meta":{"_acf_changed":false,"_monsterinsights_skip_tracking":false,"_monsterinsights_sitenote_active":false,"_monsterinsights_sitenote_note":"","_monsterinsights_sitenote_category":0,"footnotes":""},"class_list":["post-970","page","type-page","status-publish","hentry"],"acf":[],"_links":{"self":[{"href":"https:\/\/alpaka-exklusiv.at\/alpaka\/wp-json\/wp\/v2\/pages\/970","targetHints":{"allow":["GET"]}}],"collection":[{"href":"https:\/\/alpaka-exklusiv.at\/alpaka\/wp-json\/wp\/v2\/pages"}],"about":[{"href":"https:\/\/alpaka-exklusiv.at\/alpaka\/wp-json\/wp\/v2\/types\/page"}],"author":[{"embeddable":true,"href":"https:\/\/alpaka-exklusiv.at\/alpaka\/wp-json\/wp\/v2\/users\/1"}],"replies":[{"embeddable":true,"href":"https:\/\/alpaka-exklusiv.at\/alpaka\/wp-json\/wp\/v2\/comments?post=970"}],"version-history":[{"count":3,"href":"https:\/\/alpaka-exklusiv.at\/alpaka\/wp-json\/wp\/v2\/pages\/970\/revisions"}],"predecessor-version":[{"id":2204,"href":"https:\/\/alpaka-exklusiv.at\/alpaka\/wp-json\/wp\/v2\/pages\/970\/revisions\/2204"}],"wp:attachment":[{"href":"https:\/\/alpaka-exklusiv.at\/alpaka\/wp-json\/wp\/v2\/media?parent=970"}],"curies":[{"name":"wp","href":"https:\/\/api.w.org\/{rel}","templated":true}]}}