{"id":10342,"date":"2024-03-07T10:31:37","date_gmt":"2024-03-07T10:31:37","guid":{"rendered":"https:\/\/alpaka-exklusiv.at\/alpaka\/?post_type=product&#038;p=10342"},"modified":"2025-11-03T08:17:13","modified_gmt":"2025-11-03T08:17:13","slug":"alpaka-plueschtier-mit-halstuch","status":"publish","type":"product","link":"https:\/\/alpaka-exklusiv.at\/alpaka\/produkt\/alpaka-plueschtier-mit-halstuch\/","title":{"rendered":"Alpaka Pl\u00fcschtier mit Halstuch"},"content":{"rendered":"<p>Ob als besonderes Shop-Accessoire oder einfach zum Gernhaben f\u00fcr gro\u00dfe und kleine Kinder: Unsere Alpaka Pl\u00fcschtiere erweisen sich als gern gesehene, kuschlige Begleiter.<\/p>\n<table class=\"shop_attributes sku\">\n<tbody>\n<tr>\n<th>Artikelnummer:<\/th>\n<td>AE 90002U<\/td>\n<\/tr>\n<\/tbody>\n<\/table>\n<table class=\"shop_attributes\">\n<tbody>\n<tr class=\"\">\n<th>Qualit\u00e4t:<\/th>\n<td>Pl\u00fcsch<\/td>\n<\/tr>\n<tr class=\"alt\">\n<th>Gr\u00f6\u00dfe:<\/th>\n<td>30 cm, 15cm<\/td>\n<\/tr>\n<tr class=\"\">\n<th>Farbe:<\/th>\n<td>wei\u00df<\/td>\n<\/tr>\n<tr class=\"alt\">\n<th>Verpackungseinheit:<\/th>\n<td>1<\/td>\n<\/tr>\n<tr class=\"\">\n<th>Einheit:<\/th>\n<td>Stk.<\/td>\n<\/tr>\n<\/tbody>\n<\/table>\n","protected":false},"excerpt":{"rendered":"<p>Ob als besonderes Shop-Accessoire oder einfach zum Gernhaben f\u00fcr gro\u00dfe und kleine Kinder: Unsere Alpaka Pl\u00fcschtiere erweisen sich als gern gesehene, kuschlige Begleiter. Artikelnummer: AE 90002U Qualit\u00e4t: Pl\u00fcsch Gr\u00f6\u00dfe: 30 cm, 15cm Farbe: wei\u00df Verpackungseinheit: 1 Einheit: Stk.<\/p>\n","protected":false},"featured_media":10362,"comment_status":"open","ping_status":"closed","template":"","meta":{"_acf_changed":false,"_monsterinsights_skip_tracking":false,"_monsterinsights_sitenote_active":false,"_monsterinsights_sitenote_note":"","_monsterinsights_sitenote_category":0},"product_brand":[],"product_cat":[43],"product_tag":[],"class_list":{"0":"post-10342","1":"product","2":"type-product","3":"status-publish","4":"has-post-thumbnail","6":"product_cat-home-living","9":"first","10":"instock","11":"taxable","12":"shipping-taxable","13":"purchasable","14":"product-type-variable"},"acf":[],"_links":{"self":[{"href":"https:\/\/alpaka-exklusiv.at\/alpaka\/wp-json\/wp\/v2\/product\/10342","targetHints":{"allow":["GET"]}}],"collection":[{"href":"https:\/\/alpaka-exklusiv.at\/alpaka\/wp-json\/wp\/v2\/product"}],"about":[{"href":"https:\/\/alpaka-exklusiv.at\/alpaka\/wp-json\/wp\/v2\/types\/product"}],"replies":[{"embeddable":true,"href":"https:\/\/alpaka-exklusiv.at\/alpaka\/wp-json\/wp\/v2\/comments?post=10342"}],"wp:featuredmedia":[{"embeddable":true,"href":"https:\/\/alpaka-exklusiv.at\/alpaka\/wp-json\/wp\/v2\/media\/10362"}],"wp:attachment":[{"href":"https:\/\/alpaka-exklusiv.at\/alpaka\/wp-json\/wp\/v2\/media?parent=10342"}],"wp:term":[{"taxonomy":"product_brand","embeddable":true,"href":"https:\/\/alpaka-exklusiv.at\/alpaka\/wp-json\/wp\/v2\/product_brand?post=10342"},{"taxonomy":"product_cat","embeddable":true,"href":"https:\/\/alpaka-exklusiv.at\/alpaka\/wp-json\/wp\/v2\/product_cat?post=10342"},{"taxonomy":"product_tag","embeddable":true,"href":"https:\/\/alpaka-exklusiv.at\/alpaka\/wp-json\/wp\/v2\/product_tag?post=10342"}],"curies":[{"name":"wp","href":"https:\/\/api.w.org\/{rel}","templated":true}]}}