{"id":151,"date":"2017-07-26T07:07:27","date_gmt":"2017-07-26T07:07:27","guid":{"rendered":"http:\/\/alpaka-exklusiv.at.methusalix.koerbler.com\/alpaka\/?post_type=product&#038;p=151"},"modified":"2026-02-19T07:57:49","modified_gmt":"2026-02-19T07:57:49","slug":"haube-exclusiv","status":"publish","type":"product","link":"https:\/\/alpaka-exklusiv.at\/alpaka\/produkt\/haube-exclusiv\/","title":{"rendered":"Haube Exclusiv"},"content":{"rendered":"<p>Klassische Haube mit Zopfmuster in Premium Baby Alpaka Qualit\u00e4t. Im Set mit <em>Handschuh Exklusiv<\/em> der ideale, w\u00e4rmende Begleiter f\u00fcr kalte Tage.<\/p>\n<table class=\"shop_attributes sku\">\n<tbody>\n<tr>\n<th>Artikelnummer:<\/th>\n<td>AE10206W<\/td>\n<\/tr>\n<\/tbody>\n<\/table>\n<table class=\"shop_attributes\">\n<tbody>\n<tr class=\"\">\n<th>Qualit\u00e4t:<\/th>\n<td>Alpaka (100% Premium Baby Alpaka)<\/td>\n<\/tr>\n<tr class=\"alt\">\n<th>Gr\u00f6\u00dfe:<\/th>\n<td>UNI<\/td>\n<\/tr>\n<tr class=\"\">\n<th>FarbeN:<\/th>\n<td>blau, rot<\/td>\n<\/tr>\n<tr class=\"alt\">\n<th>Verpackungseinheit:<\/th>\n<td>1<\/td>\n<\/tr>\n<tr class=\"\">\n<th>Einheit:<\/th>\n<td>Stk.<\/td>\n<\/tr>\n<\/tbody>\n<\/table>\n","protected":false},"excerpt":{"rendered":"<p>Klassische Haube mit Zopfmuster in Premium Baby Alpaka Qualit\u00e4t. Im Set mit Handschuh Exklusiv der ideale, w\u00e4rmende Begleiter f\u00fcr kalte Tage. Artikelnummer: AE10206W Qualit\u00e4t: Alpaka (100% Premium Baby Alpaka) Gr\u00f6\u00dfe: UNI FarbeN: blau, rot Verpackungseinheit: 1 Einheit: Stk.<\/p>\n","protected":false},"featured_media":152,"comment_status":"open","ping_status":"closed","template":"","meta":{"_acf_changed":false,"_monsterinsights_skip_tracking":false,"_monsterinsights_sitenote_active":false,"_monsterinsights_sitenote_note":"","_monsterinsights_sitenote_category":0},"product_brand":[],"product_cat":[29],"product_tag":[],"class_list":{"0":"post-151","1":"product","2":"type-product","3":"status-publish","4":"has-post-thumbnail","6":"product_cat-kopfedeckung","9":"first","10":"instock","11":"taxable","12":"shipping-taxable","13":"purchasable","14":"product-type-variable"},"acf":[],"_links":{"self":[{"href":"https:\/\/alpaka-exklusiv.at\/alpaka\/wp-json\/wp\/v2\/product\/151","targetHints":{"allow":["GET"]}}],"collection":[{"href":"https:\/\/alpaka-exklusiv.at\/alpaka\/wp-json\/wp\/v2\/product"}],"about":[{"href":"https:\/\/alpaka-exklusiv.at\/alpaka\/wp-json\/wp\/v2\/types\/product"}],"replies":[{"embeddable":true,"href":"https:\/\/alpaka-exklusiv.at\/alpaka\/wp-json\/wp\/v2\/comments?post=151"}],"wp:featuredmedia":[{"embeddable":true,"href":"https:\/\/alpaka-exklusiv.at\/alpaka\/wp-json\/wp\/v2\/media\/152"}],"wp:attachment":[{"href":"https:\/\/alpaka-exklusiv.at\/alpaka\/wp-json\/wp\/v2\/media?parent=151"}],"wp:term":[{"taxonomy":"product_brand","embeddable":true,"href":"https:\/\/alpaka-exklusiv.at\/alpaka\/wp-json\/wp\/v2\/product_brand?post=151"},{"taxonomy":"product_cat","embeddable":true,"href":"https:\/\/alpaka-exklusiv.at\/alpaka\/wp-json\/wp\/v2\/product_cat?post=151"},{"taxonomy":"product_tag","embeddable":true,"href":"https:\/\/alpaka-exklusiv.at\/alpaka\/wp-json\/wp\/v2\/product_tag?post=151"}],"curies":[{"name":"wp","href":"https:\/\/api.w.org\/{rel}","templated":true}]}}