{"id":232,"date":"2017-07-26T13:36:47","date_gmt":"2017-07-26T13:36:47","guid":{"rendered":"http:\/\/alpaka-exklusiv.at.methusalix.koerbler.com\/alpaka\/?post_type=product&#038;p=232"},"modified":"2026-01-09T13:25:24","modified_gmt":"2026-01-09T13:25:24","slug":"mens-t-shirt-round-neck","status":"publish","type":"product","link":"https:\/\/alpaka-exklusiv.at\/alpaka\/produkt\/mens-t-shirt-round-neck\/","title":{"rendered":"Men&#8217;s T-Shirt Round-Neck"},"content":{"rendered":"<p>Dieses T-Shirt setzt neue Ma\u00dfst\u00e4be im Tragekomfort: Die Kombination aus peruanischer, handgepfl\u00fcckter Pima Baumwolle und Alpaka ist einzigartig.<\/p>\n<table class=\"shop_attributes sku\">\n<tbody>\n<tr>\n<th>Artikelnummer:<\/th>\n<td>AE30104M<\/td>\n<\/tr>\n<\/tbody>\n<\/table>\n<table class=\"shop_attributes\">\n<tbody>\n<tr class=\"\">\n<th>Qualit\u00e4t:<\/th>\n<td>95% Baumwolle (Pima), 5% Alpaka (Baby Alpaka)<\/td>\n<\/tr>\n<tr class=\"alt\">\n<th>Gr\u00f6\u00dfe:<\/th>\n<td>S, M, L, XL, XXL, XXXL<\/td>\n<\/tr>\n<tr class=\"\">\n<th>Farbe:<\/th>\n<td>himmelblau, silbergrau, schwarz, marine, schiefergrau<\/td>\n<\/tr>\n<tr class=\"alt\">\n<th>Verpackungseinheit:<\/th>\n<td>1<\/td>\n<\/tr>\n<tr class=\"\">\n<th>Einheit:<\/th>\n<td>Stk.<\/td>\n<\/tr>\n<\/tbody>\n<\/table>\n","protected":false},"excerpt":{"rendered":"<p>Dieses T-Shirt setzt neue Ma\u00dfst\u00e4be im Tragekomfort: Die Kombination aus peruanischer, handgepfl\u00fcckter Pima Baumwolle und Alpaka ist einzigartig. Artikelnummer: AE30104M Qualit\u00e4t: 95% Baumwolle (Pima), 5% Alpaka (Baby Alpaka) Gr\u00f6\u00dfe: S, M, L, XL, XXL, XXXL Farbe: himmelblau, silbergrau, schwarz, marine, schiefergrau Verpackungseinheit: 1 Einheit: Stk.<\/p>\n","protected":false},"featured_media":602,"comment_status":"open","ping_status":"closed","template":"","meta":{"_acf_changed":false,"_monsterinsights_skip_tracking":false,"_monsterinsights_sitenote_active":false,"_monsterinsights_sitenote_note":"","_monsterinsights_sitenote_category":0},"product_brand":[],"product_cat":[455,28],"product_tag":[],"class_list":{"0":"post-232","1":"product","2":"type-product","3":"status-publish","4":"has-post-thumbnail","6":"product_cat-sportsline","7":"product_cat-t-shirts-polos","10":"first","11":"instock","12":"taxable","13":"shipping-taxable","14":"purchasable","15":"product-type-variable"},"acf":[],"_links":{"self":[{"href":"https:\/\/alpaka-exklusiv.at\/alpaka\/wp-json\/wp\/v2\/product\/232","targetHints":{"allow":["GET"]}}],"collection":[{"href":"https:\/\/alpaka-exklusiv.at\/alpaka\/wp-json\/wp\/v2\/product"}],"about":[{"href":"https:\/\/alpaka-exklusiv.at\/alpaka\/wp-json\/wp\/v2\/types\/product"}],"replies":[{"embeddable":true,"href":"https:\/\/alpaka-exklusiv.at\/alpaka\/wp-json\/wp\/v2\/comments?post=232"}],"wp:featuredmedia":[{"embeddable":true,"href":"https:\/\/alpaka-exklusiv.at\/alpaka\/wp-json\/wp\/v2\/media\/602"}],"wp:attachment":[{"href":"https:\/\/alpaka-exklusiv.at\/alpaka\/wp-json\/wp\/v2\/media?parent=232"}],"wp:term":[{"taxonomy":"product_brand","embeddable":true,"href":"https:\/\/alpaka-exklusiv.at\/alpaka\/wp-json\/wp\/v2\/product_brand?post=232"},{"taxonomy":"product_cat","embeddable":true,"href":"https:\/\/alpaka-exklusiv.at\/alpaka\/wp-json\/wp\/v2\/product_cat?post=232"},{"taxonomy":"product_tag","embeddable":true,"href":"https:\/\/alpaka-exklusiv.at\/alpaka\/wp-json\/wp\/v2\/product_tag?post=232"}],"curies":[{"name":"wp","href":"https:\/\/api.w.org\/{rel}","templated":true}]}}