{"id":242,"date":"2017-07-26T13:48:15","date_gmt":"2017-07-26T13:48:15","guid":{"rendered":"http:\/\/alpaka-exklusiv.at.methusalix.koerbler.com\/alpaka\/?post_type=product&#038;p=242"},"modified":"2026-04-27T06:52:54","modified_gmt":"2026-04-27T06:52:54","slug":"womens-polo","status":"publish","type":"product","link":"https:\/\/alpaka-exklusiv.at\/alpaka\/produkt\/womens-polo\/","title":{"rendered":"Women&#8217;s Polo"},"content":{"rendered":"<p>Dieses Polo setzt neue Ma\u00dfst\u00e4be im Tragekomfort: Einzigartige Kombination aus peruanischer, handgepfl\u00fcckter Pima Baumwolle.<\/p>\n<table class=\"shop_attributes sku\">\n<tbody>\n<tr>\n<th>Artikelnummer:<\/th>\n<td>AE 40102W<\/td>\n<\/tr>\n<\/tbody>\n<\/table>\n<table class=\"shop_attributes\">\n<tbody>\n<tr class=\"\">\n<th>Qualit\u00e4t:<\/th>\n<td>95% Baumwolle (Pima), 5% Alpaka (Baby Alpaka)<\/td>\n<\/tr>\n<tr class=\"alt\">\n<th>Gr\u00f6\u00dfe:<\/th>\n<td>XS, S, M, L, XL, XXL<\/td>\n<\/tr>\n<tr class=\"\">\n<th>Farbe:<\/th>\n<td>wei\u00df, hellgelb, gr\u00fcn, malve, chili, dahlia, marine<\/td>\n<\/tr>\n<tr class=\"alt\">\n<th>Verpackungseinheit:<\/th>\n<td>1<\/td>\n<\/tr>\n<tr class=\"\">\n<th>Einheit:<\/th>\n<td>Stk.<\/td>\n<\/tr>\n<\/tbody>\n<\/table>\n","protected":false},"excerpt":{"rendered":"<p>Dieses Polo setzt neue Ma\u00dfst\u00e4be im Tragekomfort: Einzigartige Kombination aus peruanischer, handgepfl\u00fcckter Pima Baumwolle. Artikelnummer: AE 40102W Qualit\u00e4t: 95% Baumwolle (Pima), 5% Alpaka (Baby Alpaka) Gr\u00f6\u00dfe: XS, S, M, L, XL, XXL Farbe: wei\u00df, hellgelb, gr\u00fcn, malve, chili, dahlia, marine Verpackungseinheit: 1 Einheit: Stk.<\/p>\n","protected":false},"featured_media":582,"comment_status":"open","ping_status":"closed","template":"","meta":{"_acf_changed":false,"_monsterinsights_skip_tracking":false,"_monsterinsights_sitenote_active":false,"_monsterinsights_sitenote_note":"","_monsterinsights_sitenote_category":0},"product_brand":[],"product_cat":[455,28],"product_tag":[553],"class_list":{"0":"post-242","1":"product","2":"type-product","3":"status-publish","4":"has-post-thumbnail","6":"product_cat-sportsline","7":"product_cat-t-shirts-polos","8":"product_tag-polo","11":"first","12":"instock","13":"featured","14":"taxable","15":"shipping-taxable","16":"purchasable","17":"product-type-variable","18":"has-default-attributes"},"acf":[],"_links":{"self":[{"href":"https:\/\/alpaka-exklusiv.at\/alpaka\/wp-json\/wp\/v2\/product\/242","targetHints":{"allow":["GET"]}}],"collection":[{"href":"https:\/\/alpaka-exklusiv.at\/alpaka\/wp-json\/wp\/v2\/product"}],"about":[{"href":"https:\/\/alpaka-exklusiv.at\/alpaka\/wp-json\/wp\/v2\/types\/product"}],"replies":[{"embeddable":true,"href":"https:\/\/alpaka-exklusiv.at\/alpaka\/wp-json\/wp\/v2\/comments?post=242"}],"wp:featuredmedia":[{"embeddable":true,"href":"https:\/\/alpaka-exklusiv.at\/alpaka\/wp-json\/wp\/v2\/media\/582"}],"wp:attachment":[{"href":"https:\/\/alpaka-exklusiv.at\/alpaka\/wp-json\/wp\/v2\/media?parent=242"}],"wp:term":[{"taxonomy":"product_brand","embeddable":true,"href":"https:\/\/alpaka-exklusiv.at\/alpaka\/wp-json\/wp\/v2\/product_brand?post=242"},{"taxonomy":"product_cat","embeddable":true,"href":"https:\/\/alpaka-exklusiv.at\/alpaka\/wp-json\/wp\/v2\/product_cat?post=242"},{"taxonomy":"product_tag","embeddable":true,"href":"https:\/\/alpaka-exklusiv.at\/alpaka\/wp-json\/wp\/v2\/product_tag?post=242"}],"curies":[{"name":"wp","href":"https:\/\/api.w.org\/{rel}","templated":true}]}}