{"id":250,"date":"2017-07-27T05:15:46","date_gmt":"2017-07-27T05:15:46","guid":{"rendered":"http:\/\/alpaka-exklusiv.at.methusalix.koerbler.com\/alpaka\/?post_type=product&#038;p=250"},"modified":"2026-04-26T10:07:23","modified_gmt":"2026-04-26T10:07:23","slug":"baby-alpaca-brushed","status":"publish","type":"product","link":"https:\/\/alpaka-exklusiv.at\/alpaka\/produkt\/baby-alpaca-brushed\/","title":{"rendered":"Baby Alpaca Brushed Eco Line"},"content":{"rendered":"<p>Unsere Oeko-Tex zertifizierte Eco Baby Alpaka Brushed ist eine vollkommen naturbelassene, ungef\u00e4rbte und besonders edle Strickwolle. Die Oberfl\u00e4che des Garns wurde geb\u00fcrstet und f\u00fchlt sich dadurch noch feiner an. Sie wird handsortiert und ist nur in limitierter Auflage verf\u00fcgbar.<\/p>\n<table class=\"shop_attributes sku\">\n<tbody>\n<tr>\n<th>Artikelnummer:<\/th>\n<td>AE002<\/td>\n<\/tr>\n<\/tbody>\n<\/table>\n<table class=\"shop_attributes\" style=\"height: 286px;\" width=\"474\">\n<tbody>\n<tr class=\"\">\n<th>Qualit\u00e4t:<\/th>\n<td>100% Baby Alpaca<\/td>\n<\/tr>\n<tr class=\"alt\">\n<th>Produktlinie:<\/th>\n<td>Eco Line<\/td>\n<\/tr>\n<tr class=\"\">\n<th>Laufl\u00e4nge:<\/th>\n<td>100<\/td>\n<\/tr>\n<tr class=\"alt\">\n<th>Nadelst\u00e4rke:<\/th>\n<td>4,0 \u2013 5,0<\/td>\n<\/tr>\n<tr class=\"\">\n<th>Maschenprobe (R M):<\/th>\n<td>20M 28R<\/td>\n<\/tr>\n<tr class=\"alt\">\n<th>Farbe:<\/th>\n<td>wei\u00df, beige, dunkelbeige, hellbraun, braun, dunkelbraun, grau, hellgrau<\/td>\n<\/tr>\n<tr class=\"\">\n<th>Verpackungseinheit:<\/th>\n<td>10 Stk.<\/td>\n<\/tr>\n<tr class=\"alt\">\n<th>Gewicht:<\/th>\n<td>25g<\/td>\n<\/tr>\n<\/tbody>\n<\/table>\n<p>&nbsp;<\/p>\n","protected":false},"excerpt":{"rendered":"<p>Unsere Oeko-Tex zertifizierte Eco Baby Alpaka Brushed ist eine vollkommen naturbelassene, ungef\u00e4rbte und besonders edle Strickwolle. Die Oberfl\u00e4che des Garns wurde geb\u00fcrstet und f\u00fchlt sich dadurch noch feiner an. Sie wird handsortiert und ist nur in limitierter Auflage verf\u00fcgbar. Artikelnummer: AE002 Qualit\u00e4t: 100% Baby Alpaca Produktlinie: Eco Line Laufl\u00e4nge: 100 Nadelst\u00e4rke: 4,0 \u2013 5,0 Maschenprobe &hellip; <a href=\"https:\/\/alpaka-exklusiv.at\/alpaka\/produkt\/baby-alpaca-brushed\/\" class=\"more-link\"><span class=\"screen-reader-text\">Baby Alpaca Brushed Eco Line<\/span> weiterlesen <span class=\"meta-nav\">&rarr;<\/span><\/a><\/p>\n","protected":false},"featured_media":662,"comment_status":"open","ping_status":"closed","template":"","meta":{"_acf_changed":false,"_monsterinsights_skip_tracking":false,"_monsterinsights_sitenote_active":false,"_monsterinsights_sitenote_note":"","_monsterinsights_sitenote_category":0},"product_brand":[],"product_cat":[39],"product_tag":[],"class_list":{"0":"post-250","1":"product","2":"type-product","3":"status-publish","4":"has-post-thumbnail","6":"product_cat-wolle","9":"first","10":"instock","11":"taxable","12":"shipping-taxable","13":"purchasable","14":"product-type-variable"},"acf":[],"_links":{"self":[{"href":"https:\/\/alpaka-exklusiv.at\/alpaka\/wp-json\/wp\/v2\/product\/250","targetHints":{"allow":["GET"]}}],"collection":[{"href":"https:\/\/alpaka-exklusiv.at\/alpaka\/wp-json\/wp\/v2\/product"}],"about":[{"href":"https:\/\/alpaka-exklusiv.at\/alpaka\/wp-json\/wp\/v2\/types\/product"}],"replies":[{"embeddable":true,"href":"https:\/\/alpaka-exklusiv.at\/alpaka\/wp-json\/wp\/v2\/comments?post=250"}],"wp:featuredmedia":[{"embeddable":true,"href":"https:\/\/alpaka-exklusiv.at\/alpaka\/wp-json\/wp\/v2\/media\/662"}],"wp:attachment":[{"href":"https:\/\/alpaka-exklusiv.at\/alpaka\/wp-json\/wp\/v2\/media?parent=250"}],"wp:term":[{"taxonomy":"product_brand","embeddable":true,"href":"https:\/\/alpaka-exklusiv.at\/alpaka\/wp-json\/wp\/v2\/product_brand?post=250"},{"taxonomy":"product_cat","embeddable":true,"href":"https:\/\/alpaka-exklusiv.at\/alpaka\/wp-json\/wp\/v2\/product_cat?post=250"},{"taxonomy":"product_tag","embeddable":true,"href":"https:\/\/alpaka-exklusiv.at\/alpaka\/wp-json\/wp\/v2\/product_tag?post=250"}],"curies":[{"name":"wp","href":"https:\/\/api.w.org\/{rel}","templated":true}]}}