{"id":254,"date":"2017-07-27T05:19:41","date_gmt":"2017-07-27T05:19:41","guid":{"rendered":"http:\/\/alpaka-exklusiv.at.methusalix.koerbler.com\/alpaka\/?post_type=product&#038;p=254"},"modified":"2026-03-30T08:04:55","modified_gmt":"2026-03-30T08:04:55","slug":"sock-yarn","status":"publish","type":"product","link":"https:\/\/alpaka-exklusiv.at\/alpaka\/produkt\/sock-yarn\/","title":{"rendered":"Sock Yarn"},"content":{"rendered":"<p>Das Alpaka Exklusiv Sockengarn wird verschiedensten Anspr\u00fcchen gerecht: Hier kombinieren wir <em>thermoregulierend<\/em> und <em>weich<\/em> (Alpaka) mit <em>atmungsaktiv<\/em> und <em>strapazierf\u00e4hig<\/em> (Merino) sowie <em>elastisch und stark<\/em> (Nylon). Die Mischung f\u00fchrt zum Erfolg &#8211; Ihre F\u00fc\u00dfe werden es Ihnen danken.<\/p>\n<table class=\"shop_attributes sku\">\n<tbody>\n<tr>\n<th>Artikelnummer:<\/th>\n<td>AE031<\/td>\n<\/tr>\n<\/tbody>\n<\/table>\n<table class=\"shop_attributes\">\n<tbody>\n<tr class=\"\">\n<th>Produktlinie:<\/th>\n<td>Alpaca Wool<\/td>\n<\/tr>\n<tr class=\"alt\">\n<th>Qualit\u00e4t:<\/th>\n<td>20% FS Alpaca, 20% Nylon, 60% Superwash Merino Wool<\/td>\n<\/tr>\n<tr class=\"\">\n<th>Laufl\u00e4nge:<\/th>\n<td>212m<\/td>\n<\/tr>\n<tr class=\"alt\">\n<th>Nadelst\u00e4rke:<\/th>\n<td>2 \u2013 2,5<\/td>\n<\/tr>\n<tr class=\"\">\n<th>Maschenprobe (R M):<\/th>\n<td>30M 38R<\/td>\n<\/tr>\n<tr class=\"alt\">\n<th>Farbe:<\/th>\n<td>wei\u00df, beige, mittelgrau, dunkelgrau, hellgrau, schwarz<\/td>\n<\/tr>\n<tr class=\"\">\n<th>Gewicht:<\/th>\n<td>50g<\/td>\n<\/tr>\n<tr class=\"alt\">\n<th>Einheit:<\/th>\n<td>Stk.<\/td>\n<\/tr>\n<\/tbody>\n<\/table>\n","protected":false},"excerpt":{"rendered":"<p>Das Alpaka Exklusiv Sockengarn wird verschiedensten Anspr\u00fcchen gerecht: Hier kombinieren wir thermoregulierend und weich (Alpaka) mit atmungsaktiv und strapazierf\u00e4hig (Merino) sowie elastisch und stark (Nylon). Die Mischung f\u00fchrt zum Erfolg &#8211; Ihre F\u00fc\u00dfe werden es Ihnen danken. Artikelnummer: AE031 Produktlinie: Alpaca Wool Qualit\u00e4t: 20% FS Alpaca, 20% Nylon, 60% Superwash Merino Wool Laufl\u00e4nge: 212m Nadelst\u00e4rke: &hellip; <a href=\"https:\/\/alpaka-exklusiv.at\/alpaka\/produkt\/sock-yarn\/\" class=\"more-link\"><span class=\"screen-reader-text\">Sock Yarn<\/span> weiterlesen <span class=\"meta-nav\">&rarr;<\/span><\/a><\/p>\n","protected":false},"featured_media":255,"comment_status":"open","ping_status":"closed","template":"","meta":{"_acf_changed":false,"_monsterinsights_skip_tracking":false,"_monsterinsights_sitenote_active":false,"_monsterinsights_sitenote_note":"","_monsterinsights_sitenote_category":0},"product_brand":[],"product_cat":[39],"product_tag":[806],"class_list":{"0":"post-254","1":"product","2":"type-product","3":"status-publish","4":"has-post-thumbnail","6":"product_cat-wolle","7":"product_tag-ae031","10":"first","11":"instock","12":"taxable","13":"shipping-taxable","14":"purchasable","15":"product-type-variable"},"acf":[],"_links":{"self":[{"href":"https:\/\/alpaka-exklusiv.at\/alpaka\/wp-json\/wp\/v2\/product\/254","targetHints":{"allow":["GET"]}}],"collection":[{"href":"https:\/\/alpaka-exklusiv.at\/alpaka\/wp-json\/wp\/v2\/product"}],"about":[{"href":"https:\/\/alpaka-exklusiv.at\/alpaka\/wp-json\/wp\/v2\/types\/product"}],"replies":[{"embeddable":true,"href":"https:\/\/alpaka-exklusiv.at\/alpaka\/wp-json\/wp\/v2\/comments?post=254"}],"wp:featuredmedia":[{"embeddable":true,"href":"https:\/\/alpaka-exklusiv.at\/alpaka\/wp-json\/wp\/v2\/media\/255"}],"wp:attachment":[{"href":"https:\/\/alpaka-exklusiv.at\/alpaka\/wp-json\/wp\/v2\/media?parent=254"}],"wp:term":[{"taxonomy":"product_brand","embeddable":true,"href":"https:\/\/alpaka-exklusiv.at\/alpaka\/wp-json\/wp\/v2\/product_brand?post=254"},{"taxonomy":"product_cat","embeddable":true,"href":"https:\/\/alpaka-exklusiv.at\/alpaka\/wp-json\/wp\/v2\/product_cat?post=254"},{"taxonomy":"product_tag","embeddable":true,"href":"https:\/\/alpaka-exklusiv.at\/alpaka\/wp-json\/wp\/v2\/product_tag?post=254"}],"curies":[{"name":"wp","href":"https:\/\/api.w.org\/{rel}","templated":true}]}}