{"id":2826,"date":"2018-09-04T12:21:45","date_gmt":"2018-09-04T12:21:45","guid":{"rendered":"https:\/\/www.alpaka-exklusiv.at\/alpaka\/?post_type=product&#038;p=2826"},"modified":"2026-04-20T10:56:57","modified_gmt":"2026-04-20T10:56:57","slug":"outdoor-socken","status":"publish","type":"product","link":"https:\/\/alpaka-exklusiv.at\/alpaka\/produkt\/outdoor-socken\/","title":{"rendered":"Outdoor Socken"},"content":{"rendered":"<p>Die kurze Variante des extra-warmen Outdoor Stutzen: Diese Socken bieten den richtigen Halt und sorgen f\u00fcr ein gesundes Fu\u00dfklima. Baby Alpaka tr\u00e4gt zu Tragekomfort, Atmungsaktivit\u00e4t und Feuchtigkeitstransport bei, w\u00e4hrend Acryl Strapazierf\u00e4higkeit und Elastizit\u00e4t bringt. Die ergonomische Form erm\u00f6glicht sicheren Schuhkontakt. 3-fach verst\u00e4rkt bei Zehe und Ferse &#8211; Luxus f\u00fcr aktive F\u00fc\u00dfe!<\/p>\n<table class=\"shop_attributes sku\">\n<tbody>\n<tr>\n<th>Artikelnummer:<\/th>\n<td>AE20165U<\/td>\n<\/tr>\n<\/tbody>\n<\/table>\n<table class=\"shop_attributes\">\n<tbody>\n<tr class=\"\">\n<th>Qualit\u00e4t:<\/th>\n<td>80% Alpaka (Baby Alpaka), 20% Polyacryl<\/td>\n<\/tr>\n<tr class=\"alt\">\n<th>Gr\u00f6\u00dfe:<\/th>\n<td>36-38, 39\u201341, 42\u201344, 45\u201348<\/td>\n<\/tr>\n<tr class=\"\">\n<th>Farbe:<\/th>\n<td>grau, schwarz, dunkelgr\u00fcn, dunkelblau, beige<\/td>\n<\/tr>\n<tr class=\"alt\">\n<th>Verpackungseinheit:<\/th>\n<td>1<\/td>\n<\/tr>\n<tr class=\"\">\n<th>Einheit:<\/th>\n<td>Paar<\/td>\n<\/tr>\n<\/tbody>\n<\/table>\n","protected":false},"excerpt":{"rendered":"<p>Die kurze Variante des extra-warmen Outdoor Stutzen: Diese Socken bieten den richtigen Halt und sorgen f\u00fcr ein gesundes Fu\u00dfklima. Baby Alpaka tr\u00e4gt zu Tragekomfort, Atmungsaktivit\u00e4t und Feuchtigkeitstransport bei, w\u00e4hrend Acryl Strapazierf\u00e4higkeit und Elastizit\u00e4t bringt. Die ergonomische Form erm\u00f6glicht sicheren Schuhkontakt. 3-fach verst\u00e4rkt bei Zehe und Ferse &#8211; Luxus f\u00fcr aktive F\u00fc\u00dfe! Artikelnummer: AE20165U Qualit\u00e4t: 80% &hellip; <a href=\"https:\/\/alpaka-exklusiv.at\/alpaka\/produkt\/outdoor-socken\/\" class=\"more-link\"><span class=\"screen-reader-text\">Outdoor Socken<\/span> weiterlesen <span class=\"meta-nav\">&rarr;<\/span><\/a><\/p>\n","protected":false},"featured_media":2945,"comment_status":"open","ping_status":"closed","template":"","meta":{"_acf_changed":false,"_monsterinsights_skip_tracking":false,"_monsterinsights_sitenote_active":false,"_monsterinsights_sitenote_note":"","_monsterinsights_sitenote_category":0},"product_brand":[],"product_cat":[32,455],"product_tag":[],"class_list":{"0":"post-2826","1":"product","2":"type-product","3":"status-publish","4":"has-post-thumbnail","6":"product_cat-socken","7":"product_cat-sportsline","10":"first","11":"instock","12":"taxable","13":"shipping-taxable","14":"purchasable","15":"product-type-variable","16":"has-default-attributes"},"acf":[],"_links":{"self":[{"href":"https:\/\/alpaka-exklusiv.at\/alpaka\/wp-json\/wp\/v2\/product\/2826","targetHints":{"allow":["GET"]}}],"collection":[{"href":"https:\/\/alpaka-exklusiv.at\/alpaka\/wp-json\/wp\/v2\/product"}],"about":[{"href":"https:\/\/alpaka-exklusiv.at\/alpaka\/wp-json\/wp\/v2\/types\/product"}],"replies":[{"embeddable":true,"href":"https:\/\/alpaka-exklusiv.at\/alpaka\/wp-json\/wp\/v2\/comments?post=2826"}],"wp:featuredmedia":[{"embeddable":true,"href":"https:\/\/alpaka-exklusiv.at\/alpaka\/wp-json\/wp\/v2\/media\/2945"}],"wp:attachment":[{"href":"https:\/\/alpaka-exklusiv.at\/alpaka\/wp-json\/wp\/v2\/media?parent=2826"}],"wp:term":[{"taxonomy":"product_brand","embeddable":true,"href":"https:\/\/alpaka-exklusiv.at\/alpaka\/wp-json\/wp\/v2\/product_brand?post=2826"},{"taxonomy":"product_cat","embeddable":true,"href":"https:\/\/alpaka-exklusiv.at\/alpaka\/wp-json\/wp\/v2\/product_cat?post=2826"},{"taxonomy":"product_tag","embeddable":true,"href":"https:\/\/alpaka-exklusiv.at\/alpaka\/wp-json\/wp\/v2\/product_tag?post=2826"}],"curies":[{"name":"wp","href":"https:\/\/api.w.org\/{rel}","templated":true}]}}