{"id":337,"date":"2017-08-29T08:46:49","date_gmt":"2017-08-29T08:46:49","guid":{"rendered":"http:\/\/alpaka-exklusiv.at.methusalix.koerbler.com\/alpaka\/?post_type=product&#038;p=337"},"modified":"2025-12-11T12:12:46","modified_gmt":"2025-12-11T12:12:46","slug":"baby-premium-brushed-scarf-2","status":"publish","type":"product","link":"https:\/\/alpaka-exklusiv.at\/alpaka\/produkt\/baby-premium-brushed-scarf-2\/","title":{"rendered":"Baby Premium Brushed Scarf"},"content":{"rendered":"<p>Premium Qualit\u00e4t verleiht diesem Klassiker 100% Wohlf\u00fchlfaktor. Flauschig weich und sehr elegant.<\/p>\n<table class=\"shop_attributes sku\">\n<tbody>\n<tr>\n<th>Artikelnummer:<\/th>\n<td>AE 20114U<\/td>\n<\/tr>\n<\/tbody>\n<\/table>\n<table class=\"shop_attributes\">\n<tbody>\n<tr class=\"\">\n<th>Qualit\u00e4t:<\/th>\n<td>Alpaka (100% Premium Baby Alpaka)<\/td>\n<\/tr>\n<tr class=\"alt\">\n<th>Gr\u00f6\u00dfe:<\/th>\n<td>UNI; 67 cm x 30 cm<\/td>\n<\/tr>\n<tr class=\"\">\n<th>Farbe:<\/th>\n<td>hellgrau, hellbraun<\/td>\n<\/tr>\n<tr class=\"alt\">\n<th>Verpackungseinheit:<\/th>\n<td>1<\/td>\n<\/tr>\n<tr class=\"\">\n<th>Einheit:<\/th>\n<td>Stk.<\/td>\n<\/tr>\n<\/tbody>\n<\/table>\n","protected":false},"excerpt":{"rendered":"<p>Premium Qualit\u00e4t verleiht diesem Klassiker 100% Wohlf\u00fchlfaktor. Flauschig weich und sehr elegant. Artikelnummer: AE 20114U Qualit\u00e4t: Alpaka (100% Premium Baby Alpaka) Gr\u00f6\u00dfe: UNI; 67 cm x 30 cm Farbe: hellgrau, hellbraun Verpackungseinheit: 1 Einheit: Stk.<\/p>\n","protected":false},"featured_media":581,"comment_status":"open","ping_status":"closed","template":"","meta":{"_acf_changed":false,"_monsterinsights_skip_tracking":false,"_monsterinsights_sitenote_active":false,"_monsterinsights_sitenote_note":"","_monsterinsights_sitenote_category":0},"product_brand":[],"product_cat":[31],"product_tag":[],"class_list":{"0":"post-337","1":"product","2":"type-product","3":"status-publish","4":"has-post-thumbnail","6":"product_cat-schals","9":"first","10":"instock","11":"taxable","12":"shipping-taxable","13":"purchasable","14":"product-type-variable"},"acf":[],"_links":{"self":[{"href":"https:\/\/alpaka-exklusiv.at\/alpaka\/wp-json\/wp\/v2\/product\/337","targetHints":{"allow":["GET"]}}],"collection":[{"href":"https:\/\/alpaka-exklusiv.at\/alpaka\/wp-json\/wp\/v2\/product"}],"about":[{"href":"https:\/\/alpaka-exklusiv.at\/alpaka\/wp-json\/wp\/v2\/types\/product"}],"replies":[{"embeddable":true,"href":"https:\/\/alpaka-exklusiv.at\/alpaka\/wp-json\/wp\/v2\/comments?post=337"}],"wp:featuredmedia":[{"embeddable":true,"href":"https:\/\/alpaka-exklusiv.at\/alpaka\/wp-json\/wp\/v2\/media\/581"}],"wp:attachment":[{"href":"https:\/\/alpaka-exklusiv.at\/alpaka\/wp-json\/wp\/v2\/media?parent=337"}],"wp:term":[{"taxonomy":"product_brand","embeddable":true,"href":"https:\/\/alpaka-exklusiv.at\/alpaka\/wp-json\/wp\/v2\/product_brand?post=337"},{"taxonomy":"product_cat","embeddable":true,"href":"https:\/\/alpaka-exklusiv.at\/alpaka\/wp-json\/wp\/v2\/product_cat?post=337"},{"taxonomy":"product_tag","embeddable":true,"href":"https:\/\/alpaka-exklusiv.at\/alpaka\/wp-json\/wp\/v2\/product_tag?post=337"}],"curies":[{"name":"wp","href":"https:\/\/api.w.org\/{rel}","templated":true}]}}