{"id":353,"date":"2017-08-29T10:25:56","date_gmt":"2017-08-29T10:25:56","guid":{"rendered":"http:\/\/alpaka-exklusiv.at.methusalix.koerbler.com\/alpaka\/?post_type=product&#038;p=353"},"modified":"2025-12-11T12:12:46","modified_gmt":"2025-12-11T12:12:46","slug":"baby-alpaca-eco-line","status":"publish","type":"product","link":"https:\/\/alpaka-exklusiv.at\/alpaka\/produkt\/baby-alpaca-eco-line\/","title":{"rendered":"Baby Alpaca Eco Line"},"content":{"rendered":"<p>Unser Oeko-Tex zertifiziertes Eco Baby Alpaka ist eine vollkommen naturbelassene, ungef\u00e4rbte und besonders edle Strickwolle. Sie wird handsortiert und ist nur in limitierter Auflage verf\u00fcgbar.<\/p>\n<table class=\"shop_attributes sku\">\n<tbody>\n<tr>\n<th>Artikelnummer:<\/th>\n<td>AE 001<\/td>\n<\/tr>\n<\/tbody>\n<\/table>\n<table class=\"shop_attributes\" style=\"height: 358px;\" width=\"474\">\n<tbody>\n<tr class=\"\">\n<th>Produktlinie:<\/th>\n<td>Alpaca Eco Line<\/td>\n<\/tr>\n<tr class=\"alt\">\n<th>Qualit\u00e4t:<\/th>\n<td>100% Baby Alpaca<\/td>\n<\/tr>\n<tr class=\"\">\n<th>Laufl\u00e4nge:<\/th>\n<td>100m<\/td>\n<\/tr>\n<tr class=\"alt\">\n<th>Nadelst\u00e4rke:<\/th>\n<td>6,0 \u2013 7,0<\/td>\n<\/tr>\n<tr class=\"\">\n<th>Maschenprobe (R M):<\/th>\n<td>19M x 23R<\/td>\n<\/tr>\n<tr class=\"alt\">\n<th>Farbe:<\/th>\n<td>wei\u00df, beige, dunkelbeige, hellgrau, grau, hellbraun, braun, dunkelbraun<\/td>\n<\/tr>\n<tr class=\"\">\n<th>Gewicht:<\/th>\n<td>50g<\/td>\n<\/tr>\n<tr class=\"alt\">\n<th>Einheit:<\/th>\n<td>Stk.<\/td>\n<\/tr>\n<\/tbody>\n<\/table>\n","protected":false},"excerpt":{"rendered":"<p>Unser Oeko-Tex zertifiziertes Eco Baby Alpaka ist eine vollkommen naturbelassene, ungef\u00e4rbte und besonders edle Strickwolle. Sie wird handsortiert und ist nur in limitierter Auflage verf\u00fcgbar. Artikelnummer: AE 001 Produktlinie: Alpaca Eco Line Qualit\u00e4t: 100% Baby Alpaca Laufl\u00e4nge: 100m Nadelst\u00e4rke: 6,0 \u2013 7,0 Maschenprobe (R M): 19M x 23R Farbe: wei\u00df, beige, dunkelbeige, hellgrau, grau, hellbraun, &hellip; <a href=\"https:\/\/alpaka-exklusiv.at\/alpaka\/produkt\/baby-alpaca-eco-line\/\" class=\"more-link\"><span class=\"screen-reader-text\">Baby Alpaca Eco Line<\/span> weiterlesen <span class=\"meta-nav\">&rarr;<\/span><\/a><\/p>\n","protected":false},"featured_media":661,"comment_status":"open","ping_status":"closed","template":"","meta":{"_acf_changed":false,"_monsterinsights_skip_tracking":false,"_monsterinsights_sitenote_active":false,"_monsterinsights_sitenote_note":"","_monsterinsights_sitenote_category":0},"product_brand":[],"product_cat":[39],"product_tag":[],"class_list":{"0":"post-353","1":"product","2":"type-product","3":"status-publish","4":"has-post-thumbnail","6":"product_cat-wolle","9":"first","10":"instock","11":"taxable","12":"shipping-taxable","13":"purchasable","14":"product-type-variable"},"acf":[],"_links":{"self":[{"href":"https:\/\/alpaka-exklusiv.at\/alpaka\/wp-json\/wp\/v2\/product\/353","targetHints":{"allow":["GET"]}}],"collection":[{"href":"https:\/\/alpaka-exklusiv.at\/alpaka\/wp-json\/wp\/v2\/product"}],"about":[{"href":"https:\/\/alpaka-exklusiv.at\/alpaka\/wp-json\/wp\/v2\/types\/product"}],"replies":[{"embeddable":true,"href":"https:\/\/alpaka-exklusiv.at\/alpaka\/wp-json\/wp\/v2\/comments?post=353"}],"wp:featuredmedia":[{"embeddable":true,"href":"https:\/\/alpaka-exklusiv.at\/alpaka\/wp-json\/wp\/v2\/media\/661"}],"wp:attachment":[{"href":"https:\/\/alpaka-exklusiv.at\/alpaka\/wp-json\/wp\/v2\/media?parent=353"}],"wp:term":[{"taxonomy":"product_brand","embeddable":true,"href":"https:\/\/alpaka-exklusiv.at\/alpaka\/wp-json\/wp\/v2\/product_brand?post=353"},{"taxonomy":"product_cat","embeddable":true,"href":"https:\/\/alpaka-exklusiv.at\/alpaka\/wp-json\/wp\/v2\/product_cat?post=353"},{"taxonomy":"product_tag","embeddable":true,"href":"https:\/\/alpaka-exklusiv.at\/alpaka\/wp-json\/wp\/v2\/product_tag?post=353"}],"curies":[{"name":"wp","href":"https:\/\/api.w.org\/{rel}","templated":true}]}}