{"id":368,"date":"2017-08-29T11:34:58","date_gmt":"2017-08-29T11:34:58","guid":{"rendered":"http:\/\/alpaka-exklusiv.at.methusalix.koerbler.com\/alpaka\/?post_type=product&#038;p=368"},"modified":"2025-12-11T12:12:45","modified_gmt":"2025-12-11T12:12:45","slug":"baby-set","status":"publish","type":"product","link":"https:\/\/alpaka-exklusiv.at\/alpaka\/produkt\/baby-set\/","title":{"rendered":"Baby Set"},"content":{"rendered":"<p>Das superweiche, kuschelige Babyset f\u00fcr kleine Alpaka-Fans. Bestehend aus Haube, F\u00e4ustlingen und S\u00f6ckchen &#8211; der erste Schritt in die unvergleichlich komfortable Welt der Alpaka Textilien!<\/p>\n<table class=\"shop_attributes sku\">\n<tbody>\n<tr>\n<th>Artikelnummer:<\/th>\n<td>AE 10001<\/td>\n<\/tr>\n<\/tbody>\n<\/table>\n<table class=\"shop_attributes\">\n<tbody>\n<tr class=\"\">\n<th>Qualit\u00e4t:<\/th>\n<td>100% Alpaka (Premium Baby Alpaka), 100% Baumwolle (Pima)<\/td>\n<\/tr>\n<tr class=\"alt\">\n<th>Gr\u00f6\u00dfe:<\/th>\n<td>UNI \/ 0 &#8211; 6 Monate<\/td>\n<\/tr>\n<tr class=\"\">\n<th>Farbe:<\/th>\n<td>rosa, blau, wei\u00df<\/td>\n<\/tr>\n<tr class=\"alt\">\n<th>Verpackungseinheit:<\/th>\n<td>1<\/td>\n<\/tr>\n<tr class=\"\">\n<th>Einheit:<\/th>\n<td>Stk.<\/td>\n<\/tr>\n<\/tbody>\n<\/table>\n","protected":false},"excerpt":{"rendered":"<p>Das superweiche, kuschelige Babyset f\u00fcr kleine Alpaka-Fans. Bestehend aus Haube, F\u00e4ustlingen und S\u00f6ckchen &#8211; der erste Schritt in die unvergleichlich komfortable Welt der Alpaka Textilien! Artikelnummer: AE 10001 Qualit\u00e4t: 100% Alpaka (Premium Baby Alpaka), 100% Baumwolle (Pima) Gr\u00f6\u00dfe: UNI \/ 0 &#8211; 6 Monate Farbe: rosa, blau, wei\u00df Verpackungseinheit: 1 Einheit: Stk.<\/p>\n","protected":false},"featured_media":374,"comment_status":"open","ping_status":"closed","template":"","meta":{"_acf_changed":false,"_monsterinsights_skip_tracking":false,"_monsterinsights_sitenote_active":false,"_monsterinsights_sitenote_note":"","_monsterinsights_sitenote_category":0},"product_brand":[],"product_cat":[30,43,29,32],"product_tag":[],"class_list":{"0":"post-368","1":"product","2":"type-product","3":"status-publish","4":"has-post-thumbnail","6":"product_cat-handschuhe","7":"product_cat-home-living","8":"product_cat-kopfedeckung","9":"product_cat-socken","12":"first","13":"instock","14":"taxable","15":"shipping-taxable","16":"purchasable","17":"product-type-variable"},"acf":[],"_links":{"self":[{"href":"https:\/\/alpaka-exklusiv.at\/alpaka\/wp-json\/wp\/v2\/product\/368","targetHints":{"allow":["GET"]}}],"collection":[{"href":"https:\/\/alpaka-exklusiv.at\/alpaka\/wp-json\/wp\/v2\/product"}],"about":[{"href":"https:\/\/alpaka-exklusiv.at\/alpaka\/wp-json\/wp\/v2\/types\/product"}],"replies":[{"embeddable":true,"href":"https:\/\/alpaka-exklusiv.at\/alpaka\/wp-json\/wp\/v2\/comments?post=368"}],"wp:featuredmedia":[{"embeddable":true,"href":"https:\/\/alpaka-exklusiv.at\/alpaka\/wp-json\/wp\/v2\/media\/374"}],"wp:attachment":[{"href":"https:\/\/alpaka-exklusiv.at\/alpaka\/wp-json\/wp\/v2\/media?parent=368"}],"wp:term":[{"taxonomy":"product_brand","embeddable":true,"href":"https:\/\/alpaka-exklusiv.at\/alpaka\/wp-json\/wp\/v2\/product_brand?post=368"},{"taxonomy":"product_cat","embeddable":true,"href":"https:\/\/alpaka-exklusiv.at\/alpaka\/wp-json\/wp\/v2\/product_cat?post=368"},{"taxonomy":"product_tag","embeddable":true,"href":"https:\/\/alpaka-exklusiv.at\/alpaka\/wp-json\/wp\/v2\/product_tag?post=368"}],"curies":[{"name":"wp","href":"https:\/\/api.w.org\/{rel}","templated":true}]}}