{"id":4657,"date":"2022-03-21T09:50:43","date_gmt":"2022-03-21T09:50:43","guid":{"rendered":"https:\/\/www.alpaka-exklusiv.at\/alpaka\/?post_type=product&#038;p=4657"},"modified":"2025-11-20T14:51:04","modified_gmt":"2025-11-20T14:51:04","slug":"scarf-bijou","status":"publish","type":"product","link":"https:\/\/alpaka-exklusiv.at\/alpaka\/produkt\/scarf-bijou\/","title":{"rendered":"Scarf Bijou"},"content":{"rendered":"<p>Schal aus Baby Alpaka und Seide, in Pastellfarben gehalten.<\/p>\n<table class=\"shop_attributes sku\">\n<tbody>\n<tr>\n<th>Artikelnummer:<\/th>\n<td>AE 20151U<\/td>\n<\/tr>\n<\/tbody>\n<\/table>\n<table class=\"shop_attributes\">\n<tbody>\n<tr class=\"\">\n<th>Qualit\u00e4t:<\/th>\n<td>Alpaka (80% Baby Alpaka), 20% Seide<\/td>\n<\/tr>\n<tr class=\"alt\">\n<th>Gr\u00f6\u00dfe:<\/th>\n<td>UNI; 202 cm x 42 cm<\/td>\n<\/tr>\n<tr class=\"\">\n<th>Farbe:<\/th>\n<td>flieder, gr\u00fcn<\/td>\n<\/tr>\n<tr class=\"alt\">\n<th>Verpackungseinheit:<\/th>\n<td>1<\/td>\n<\/tr>\n<tr class=\"\">\n<th>Einheit:<\/th>\n<td>Stk.<\/td>\n<\/tr>\n<\/tbody>\n<\/table>\n","protected":false},"excerpt":{"rendered":"<p>Schal aus Baby Alpaka und Seide, in Pastellfarben gehalten. Artikelnummer: AE 20151U Qualit\u00e4t: Alpaka (80% Baby Alpaka), 20% Seide Gr\u00f6\u00dfe: UNI; 202 cm x 42 cm Farbe: flieder, gr\u00fcn Verpackungseinheit: 1 Einheit: Stk.<\/p>\n","protected":false},"featured_media":6109,"comment_status":"closed","ping_status":"closed","template":"","meta":{"_acf_changed":false,"_monsterinsights_skip_tracking":false,"_monsterinsights_sitenote_active":false,"_monsterinsights_sitenote_note":"","_monsterinsights_sitenote_category":0},"product_brand":[],"product_cat":[31],"product_tag":[],"class_list":{"0":"post-4657","1":"product","2":"type-product","3":"status-publish","4":"has-post-thumbnail","6":"product_cat-schals","9":"first","10":"instock","11":"taxable","12":"shipping-taxable","13":"purchasable","14":"product-type-variable","15":"has-default-attributes"},"acf":[],"_links":{"self":[{"href":"https:\/\/alpaka-exklusiv.at\/alpaka\/wp-json\/wp\/v2\/product\/4657","targetHints":{"allow":["GET"]}}],"collection":[{"href":"https:\/\/alpaka-exklusiv.at\/alpaka\/wp-json\/wp\/v2\/product"}],"about":[{"href":"https:\/\/alpaka-exklusiv.at\/alpaka\/wp-json\/wp\/v2\/types\/product"}],"replies":[{"embeddable":true,"href":"https:\/\/alpaka-exklusiv.at\/alpaka\/wp-json\/wp\/v2\/comments?post=4657"}],"wp:featuredmedia":[{"embeddable":true,"href":"https:\/\/alpaka-exklusiv.at\/alpaka\/wp-json\/wp\/v2\/media\/6109"}],"wp:attachment":[{"href":"https:\/\/alpaka-exklusiv.at\/alpaka\/wp-json\/wp\/v2\/media?parent=4657"}],"wp:term":[{"taxonomy":"product_brand","embeddable":true,"href":"https:\/\/alpaka-exklusiv.at\/alpaka\/wp-json\/wp\/v2\/product_brand?post=4657"},{"taxonomy":"product_cat","embeddable":true,"href":"https:\/\/alpaka-exklusiv.at\/alpaka\/wp-json\/wp\/v2\/product_cat?post=4657"},{"taxonomy":"product_tag","embeddable":true,"href":"https:\/\/alpaka-exklusiv.at\/alpaka\/wp-json\/wp\/v2\/product_tag?post=4657"}],"curies":[{"name":"wp","href":"https:\/\/api.w.org\/{rel}","templated":true}]}}