{"id":4664,"date":"2022-03-21T09:51:39","date_gmt":"2022-03-21T09:51:39","guid":{"rendered":"https:\/\/www.alpaka-exklusiv.at\/alpaka\/?post_type=product&#038;p=4664"},"modified":"2025-10-15T07:19:55","modified_gmt":"2025-10-15T07:19:55","slug":"scarf-darling","status":"publish","type":"product","link":"https:\/\/alpaka-exklusiv.at\/alpaka\/produkt\/scarf-darling\/","title":{"rendered":"Scarf Darling"},"content":{"rendered":"<p>Schal aus Baby Alpaka und Seide in kr\u00e4ftig-leuchtenden Farben mit elegantem Streifenmuster.<\/p>\n<table class=\"shop_attributes sku\">\n<tbody>\n<tr>\n<th>Artikelnummer:<\/th>\n<td>AE 20153U<\/td>\n<\/tr>\n<\/tbody>\n<\/table>\n<table class=\"shop_attributes\">\n<tbody>\n<tr class=\"\">\n<th>Qualit\u00e4t:<\/th>\n<td>Alpaka (80% Baby Alpaka), 20% Seide<\/td>\n<\/tr>\n<tr class=\"alt\">\n<th>Gr\u00f6\u00dfe:<\/th>\n<td>UNI; 202 cm x 42 cm<\/td>\n<\/tr>\n<tr class=\"\">\n<th>Farbe:<\/th>\n<td>hellpetrol\/lila, gold\/bunt<\/td>\n<\/tr>\n<tr class=\"alt\">\n<th>Verpackungseinheit:<\/th>\n<td>1<\/td>\n<\/tr>\n<tr class=\"\">\n<th>Einheit:<\/th>\n<td>Stk.<\/td>\n<\/tr>\n<\/tbody>\n<\/table>\n","protected":false},"excerpt":{"rendered":"<p>Schal aus Baby Alpaka und Seide in kr\u00e4ftig-leuchtenden Farben mit elegantem Streifenmuster. Artikelnummer: AE 20153U Qualit\u00e4t: Alpaka (80% Baby Alpaka), 20% Seide Gr\u00f6\u00dfe: UNI; 202 cm x 42 cm Farbe: hellpetrol\/lila, gold\/bunt Verpackungseinheit: 1 Einheit: Stk.<\/p>\n","protected":false},"featured_media":6119,"comment_status":"open","ping_status":"closed","template":"","meta":{"_acf_changed":false,"_monsterinsights_skip_tracking":false,"_monsterinsights_sitenote_active":false,"_monsterinsights_sitenote_note":"","_monsterinsights_sitenote_category":0},"product_brand":[],"product_cat":[31],"product_tag":[],"class_list":{"0":"post-4664","1":"product","2":"type-product","3":"status-publish","4":"has-post-thumbnail","6":"product_cat-schals","9":"first","10":"outofstock","11":"taxable","12":"shipping-taxable","13":"purchasable","14":"product-type-variable"},"acf":[],"_links":{"self":[{"href":"https:\/\/alpaka-exklusiv.at\/alpaka\/wp-json\/wp\/v2\/product\/4664","targetHints":{"allow":["GET"]}}],"collection":[{"href":"https:\/\/alpaka-exklusiv.at\/alpaka\/wp-json\/wp\/v2\/product"}],"about":[{"href":"https:\/\/alpaka-exklusiv.at\/alpaka\/wp-json\/wp\/v2\/types\/product"}],"replies":[{"embeddable":true,"href":"https:\/\/alpaka-exklusiv.at\/alpaka\/wp-json\/wp\/v2\/comments?post=4664"}],"wp:featuredmedia":[{"embeddable":true,"href":"https:\/\/alpaka-exklusiv.at\/alpaka\/wp-json\/wp\/v2\/media\/6119"}],"wp:attachment":[{"href":"https:\/\/alpaka-exklusiv.at\/alpaka\/wp-json\/wp\/v2\/media?parent=4664"}],"wp:term":[{"taxonomy":"product_brand","embeddable":true,"href":"https:\/\/alpaka-exklusiv.at\/alpaka\/wp-json\/wp\/v2\/product_brand?post=4664"},{"taxonomy":"product_cat","embeddable":true,"href":"https:\/\/alpaka-exklusiv.at\/alpaka\/wp-json\/wp\/v2\/product_cat?post=4664"},{"taxonomy":"product_tag","embeddable":true,"href":"https:\/\/alpaka-exklusiv.at\/alpaka\/wp-json\/wp\/v2\/product_tag?post=4664"}],"curies":[{"name":"wp","href":"https:\/\/api.w.org\/{rel}","templated":true}]}}