{"id":6279,"date":"2021-07-16T06:58:50","date_gmt":"2021-07-16T06:58:50","guid":{"rendered":"https:\/\/www.alpaka-exklusiv.at\/alpaka\/?post_type=product&#038;p=6279"},"modified":"2026-04-22T07:03:08","modified_gmt":"2026-04-22T07:03:08","slug":"ladies-t-shirt-round-neck-2","status":"publish","type":"product","link":"https:\/\/alpaka-exklusiv.at\/alpaka\/produkt\/ladies-t-shirt-round-neck-2\/","title":{"rendered":"Ladies T-Shirt Round Neck"},"content":{"rendered":"<p>Dieses T-Shirt setzt neue Ma\u00dfst\u00e4be im Tragekomfort: Die Kombination aus peruanischer, handgepfl\u00fcckter Pima Baumwolle und Alpaka ist einzigartig.<\/p>\n<table class=\"shop_attributes sku\">\n<tbody>\n<tr>\n<th>Artikelnummer:<\/th>\n<td>AE40106W<\/td>\n<\/tr>\n<\/tbody>\n<\/table>\n<table class=\"shop_attributes\">\n<tbody>\n<tr class=\"\">\n<th>Qualit\u00e4t:<\/th>\n<td>95% Baumwolle (Pima), 5% Alpaka (Baby Alpaka)<\/td>\n<\/tr>\n<tr class=\"alt\">\n<th>Gr\u00f6\u00dfe:<\/th>\n<td>XS, S, M, L, XL, XXL<\/td>\n<\/tr>\n<tr class=\"\">\n<th>Farbe:<\/th>\n<td>french blue, crocos<\/td>\n<\/tr>\n<tr class=\"alt\">\n<th>Verpackungseinheit:<\/th>\n<td>1<\/td>\n<\/tr>\n<tr class=\"\">\n<th>Einheit:<\/th>\n<td>Stk.<\/td>\n<\/tr>\n<\/tbody>\n<\/table>\n","protected":false},"excerpt":{"rendered":"<p>Dieses T-Shirt setzt neue Ma\u00dfst\u00e4be im Tragekomfort: Die Kombination aus peruanischer, handgepfl\u00fcckter Pima Baumwolle und Alpaka ist einzigartig. Artikelnummer: AE40106W Qualit\u00e4t: 95% Baumwolle (Pima), 5% Alpaka (Baby Alpaka) Gr\u00f6\u00dfe: XS, S, M, L, XL, XXL Farbe: french blue, crocos Verpackungseinheit: 1 Einheit: Stk.<\/p>\n","protected":false},"featured_media":7669,"comment_status":"closed","ping_status":"closed","template":"","meta":{"_acf_changed":false,"_monsterinsights_skip_tracking":false,"_monsterinsights_sitenote_active":false,"_monsterinsights_sitenote_note":"","_monsterinsights_sitenote_category":0},"product_brand":[],"product_cat":[28],"product_tag":[494,493],"class_list":{"0":"post-6279","1":"product","2":"type-product","3":"status-publish","4":"has-post-thumbnail","6":"product_cat-t-shirts-polos","7":"product_tag-blau","8":"product_tag-t-shirt","11":"first","12":"instock","13":"taxable","14":"shipping-taxable","15":"purchasable","16":"product-type-variable","17":"has-default-attributes"},"acf":[],"_links":{"self":[{"href":"https:\/\/alpaka-exklusiv.at\/alpaka\/wp-json\/wp\/v2\/product\/6279","targetHints":{"allow":["GET"]}}],"collection":[{"href":"https:\/\/alpaka-exklusiv.at\/alpaka\/wp-json\/wp\/v2\/product"}],"about":[{"href":"https:\/\/alpaka-exklusiv.at\/alpaka\/wp-json\/wp\/v2\/types\/product"}],"replies":[{"embeddable":true,"href":"https:\/\/alpaka-exklusiv.at\/alpaka\/wp-json\/wp\/v2\/comments?post=6279"}],"wp:featuredmedia":[{"embeddable":true,"href":"https:\/\/alpaka-exklusiv.at\/alpaka\/wp-json\/wp\/v2\/media\/7669"}],"wp:attachment":[{"href":"https:\/\/alpaka-exklusiv.at\/alpaka\/wp-json\/wp\/v2\/media?parent=6279"}],"wp:term":[{"taxonomy":"product_brand","embeddable":true,"href":"https:\/\/alpaka-exklusiv.at\/alpaka\/wp-json\/wp\/v2\/product_brand?post=6279"},{"taxonomy":"product_cat","embeddable":true,"href":"https:\/\/alpaka-exklusiv.at\/alpaka\/wp-json\/wp\/v2\/product_cat?post=6279"},{"taxonomy":"product_tag","embeddable":true,"href":"https:\/\/alpaka-exklusiv.at\/alpaka\/wp-json\/wp\/v2\/product_tag?post=6279"}],"curies":[{"name":"wp","href":"https:\/\/api.w.org\/{rel}","templated":true}]}}