{"id":8387,"date":"2022-10-10T10:31:58","date_gmt":"2022-10-10T10:31:58","guid":{"rendered":"https:\/\/www.alpaka-exklusiv.at\/alpaka\/?post_type=product&#038;p=8387"},"modified":"2025-11-28T10:30:17","modified_gmt":"2025-11-28T10:30:17","slug":"trachten-socken-lang","status":"publish","type":"product","link":"https:\/\/alpaka-exklusiv.at\/alpaka\/produkt\/trachten-socken-lang\/","title":{"rendered":"Trachten Socken lang"},"content":{"rendered":"<p>Trachtenstutzen mit Baby Alpaca-Anteil und sch\u00f6nem Zopfmuster.<\/p>\n<table class=\"shop_attributes sku\">\n<tbody>\n<tr>\n<th>Artikelnummer:<\/th>\n<td>AE20171U<\/td>\n<\/tr>\n<\/tbody>\n<\/table>\n<table class=\"shop_attributes\">\n<tbody>\n<tr class=\"\">\n<th>Qualit\u00e4t:<\/th>\n<td>76 % Baby Alpaca, 19 % Acryl, 3 % Polyamid,<br \/>\n2 % Elastan<\/td>\n<\/tr>\n<tr class=\"alt\">\n<th>Gr\u00f6\u00dfe:<\/th>\n<td>36-38, 39\u201341, 42\u201344, 45\u201348<\/td>\n<\/tr>\n<tr class=\"\">\n<th>Farbe:<\/th>\n<td>dunkelgr\u00fcn, grau, beige\/braun<\/td>\n<\/tr>\n<tr class=\"alt\">\n<th>Verpackungseinheit:<\/th>\n<td>1<\/td>\n<\/tr>\n<tr class=\"\">\n<th>Einheit:<\/th>\n<td>Paar<\/td>\n<\/tr>\n<\/tbody>\n<\/table>\n<p>&nbsp;<\/p>\n","protected":false},"excerpt":{"rendered":"<p>Trachtenstutzen mit Baby Alpaca-Anteil und sch\u00f6nem Zopfmuster. Artikelnummer: AE20171U Qualit\u00e4t: 76 % Baby Alpaca, 19 % Acryl, 3 % Polyamid, 2 % Elastan Gr\u00f6\u00dfe: 36-38, 39\u201341, 42\u201344, 45\u201348 Farbe: dunkelgr\u00fcn, grau, beige\/braun Verpackungseinheit: 1 Einheit: Paar &nbsp;<\/p>\n","protected":false},"featured_media":12536,"comment_status":"open","ping_status":"closed","template":"","meta":{"_acf_changed":false,"_monsterinsights_skip_tracking":false,"_monsterinsights_sitenote_active":false,"_monsterinsights_sitenote_note":"","_monsterinsights_sitenote_category":0},"product_brand":[],"product_cat":[44,32],"product_tag":[633,634,632],"class_list":{"0":"post-8387","1":"product","2":"type-product","3":"status-publish","4":"has-post-thumbnail","6":"product_cat-neuheiten","7":"product_cat-socken","8":"product_tag-gruen","9":"product_tag-lang","10":"product_tag-trachten-socken","13":"first","14":"instock","15":"taxable","16":"shipping-taxable","17":"purchasable","18":"product-type-variable"},"acf":[],"_links":{"self":[{"href":"https:\/\/alpaka-exklusiv.at\/alpaka\/wp-json\/wp\/v2\/product\/8387","targetHints":{"allow":["GET"]}}],"collection":[{"href":"https:\/\/alpaka-exklusiv.at\/alpaka\/wp-json\/wp\/v2\/product"}],"about":[{"href":"https:\/\/alpaka-exklusiv.at\/alpaka\/wp-json\/wp\/v2\/types\/product"}],"replies":[{"embeddable":true,"href":"https:\/\/alpaka-exklusiv.at\/alpaka\/wp-json\/wp\/v2\/comments?post=8387"}],"wp:featuredmedia":[{"embeddable":true,"href":"https:\/\/alpaka-exklusiv.at\/alpaka\/wp-json\/wp\/v2\/media\/12536"}],"wp:attachment":[{"href":"https:\/\/alpaka-exklusiv.at\/alpaka\/wp-json\/wp\/v2\/media?parent=8387"}],"wp:term":[{"taxonomy":"product_brand","embeddable":true,"href":"https:\/\/alpaka-exklusiv.at\/alpaka\/wp-json\/wp\/v2\/product_brand?post=8387"},{"taxonomy":"product_cat","embeddable":true,"href":"https:\/\/alpaka-exklusiv.at\/alpaka\/wp-json\/wp\/v2\/product_cat?post=8387"},{"taxonomy":"product_tag","embeddable":true,"href":"https:\/\/alpaka-exklusiv.at\/alpaka\/wp-json\/wp\/v2\/product_tag?post=8387"}],"curies":[{"name":"wp","href":"https:\/\/api.w.org\/{rel}","templated":true}]}}